{"id":3711006,"date":"2026-03-03T06:36:15","date_gmt":"2026-03-03T05:36:15","guid":{"rendered":"https:\/\/streetmarkets.fr\/app\/produit\/carre-hermes-soie-spinnakers\/"},"modified":"2026-05-10T07:33:54","modified_gmt":"2026-05-10T05:33:54","slug":"carre-hermes-soie-spinnakers","status":"publish","type":"product","link":"https:\/\/streetmarkets.fr\/app\/produit\/carre-hermes-soie-spinnakers\/","title":{"rendered":"Carr\u00e9 Herm\u00e8s soie &#8220;Spinnakers&#8221;"},"content":{"rendered":"<p class=\"p1\"><span class=\"s1\">Carr\u00e9 Herm\u00e8s en twill de soie nomm\u00e9 \u00ab\u00a0 Spinnakers \u00bb. Cr\u00e9ation embl\u00e9matique de la maison Herm\u00e8s sign\u00e9e par la talentueuse Julia Abadie en 1983. Ce foulard rend hommage \u00e0 l\u2019univers de la voile, mettant en sc\u00e8ne des spinnakers, ces voiles color\u00e9es et gonfl\u00e9es par le vent. Le motif pr\u00e9sente une symphonie de voiles stylis\u00e9es, \u00e9voquant le mouvement et la l\u00e9g\u00e8ret\u00e9 des r\u00e9gates en mer. Les couleurs vivent et contrast\u00e9es, telles que le bleu, le jaune et le vert apporte une touche de fra\u00eecheur \u00e0 cette pi\u00e8ce. R\u00e9\u00e9dit\u00e9 en 2006 et 2013, le mod\u00e8le est tr\u00e8s recherch\u00e9 par les collectionneurs. En tr\u00e8s bon \u00e9tat.<\/span><\/p>\n","protected":false},"excerpt":{"rendered":"<p>Carr\u00e9 Herm\u00e8s en twill de soie nomm\u00e9 \u00ab\u00a0 Spinnakers \u00bb. Cr\u00e9ation embl\u00e9matique de la maison Herm\u00e8s sign\u00e9e par la talentueuse Julia Abadie en 1983. Ce foulard rend hommage \u00e0 l\u2019univers de la voile, mettant en sc\u00e8ne des spinnakers, ces voiles color\u00e9es et gonfl\u00e9es par le vent. Le motif pr\u00e9sente une symphonie de voiles stylis\u00e9es, \u00e9voquant [&hellip;]<\/p>\n","protected":false},"featured_media":3711007,"comment_status":"open","ping_status":"closed","template":"","meta":[],"product_brand":[],"product_cat":[],"product_tag":[],"acf":[],"_links":{"self":[{"href":"https:\/\/streetmarkets.fr\/app\/wp-json\/wp\/v2\/product\/3711006"}],"collection":[{"href":"https:\/\/streetmarkets.fr\/app\/wp-json\/wp\/v2\/product"}],"about":[{"href":"https:\/\/streetmarkets.fr\/app\/wp-json\/wp\/v2\/types\/product"}],"replies":[{"embeddable":true,"href":"https:\/\/streetmarkets.fr\/app\/wp-json\/wp\/v2\/comments?post=3711006"}],"wp:featuredmedia":[{"embeddable":true,"href":"https:\/\/streetmarkets.fr\/app\/wp-json\/wp\/v2\/media\/3711007"}],"wp:attachment":[{"href":"https:\/\/streetmarkets.fr\/app\/wp-json\/wp\/v2\/media?parent=3711006"}],"wp:term":[{"taxonomy":"product_brand","embeddable":true,"href":"https:\/\/streetmarkets.fr\/app\/wp-json\/wp\/v2\/product_brand?post=3711006"},{"taxonomy":"product_cat","embeddable":true,"href":"https:\/\/streetmarkets.fr\/app\/wp-json\/wp\/v2\/product_cat?post=3711006"},{"taxonomy":"product_tag","embeddable":true,"href":"https:\/\/streetmarkets.fr\/app\/wp-json\/wp\/v2\/product_tag?post=3711006"}],"curies":[{"name":"wp","href":"https:\/\/api.w.org\/{rel}","templated":true}]}}