{"id":3706133,"date":"2026-03-02T06:37:35","date_gmt":"2026-03-02T05:37:35","guid":{"rendered":"https:\/\/streetmarkets.fr\/app\/produit\/pull-cachemire-madluv-paris-calling\/"},"modified":"2026-05-06T07:38:08","modified_gmt":"2026-05-06T05:38:08","slug":"pull-cachemire-madluv-paris-calling","status":"publish","type":"product","link":"https:\/\/streetmarkets.fr\/app\/produit\/pull-cachemire-madluv-paris-calling\/","title":{"rendered":"Pull Cachemire Madluv Paris Calling"},"content":{"rendered":"<p>PARIS CALLINGPull col rond, manches raglan longues.Le message\u00ab PARIS CALLING \u00bb(ou \u00ab L\u2019appel de Paris \u00bb) est r\u00e9alis\u00e9 en intarsia.Existe en plusieurs coloris : Vert C\u00e9ladon et Gris Clair.100% cachemire- Taille UniqueLa livraison est offerte pour la France M\u00e9tropolitaine !<\/p>\n","protected":false},"excerpt":{"rendered":"<p>PARIS CALLINGPull col rond, manches raglan longues.Le message\u00ab PARIS CALLING \u00bb(ou \u00ab L\u2019appel de Paris \u00bb) est r\u00e9alis\u00e9 en intarsia.Existe en plusieurs coloris : Vert C\u00e9ladon et Gris Clair.100% cachemire- Taille UniqueLa livraison est offerte pour la France M\u00e9tropolitaine !<\/p>\n","protected":false},"featured_media":3706134,"comment_status":"open","ping_status":"closed","template":"","meta":[],"product_brand":[],"product_cat":[],"product_tag":[],"acf":[],"_links":{"self":[{"href":"https:\/\/streetmarkets.fr\/app\/wp-json\/wp\/v2\/product\/3706133"}],"collection":[{"href":"https:\/\/streetmarkets.fr\/app\/wp-json\/wp\/v2\/product"}],"about":[{"href":"https:\/\/streetmarkets.fr\/app\/wp-json\/wp\/v2\/types\/product"}],"replies":[{"embeddable":true,"href":"https:\/\/streetmarkets.fr\/app\/wp-json\/wp\/v2\/comments?post=3706133"}],"wp:featuredmedia":[{"embeddable":true,"href":"https:\/\/streetmarkets.fr\/app\/wp-json\/wp\/v2\/media\/3706134"}],"wp:attachment":[{"href":"https:\/\/streetmarkets.fr\/app\/wp-json\/wp\/v2\/media?parent=3706133"}],"wp:term":[{"taxonomy":"product_brand","embeddable":true,"href":"https:\/\/streetmarkets.fr\/app\/wp-json\/wp\/v2\/product_brand?post=3706133"},{"taxonomy":"product_cat","embeddable":true,"href":"https:\/\/streetmarkets.fr\/app\/wp-json\/wp\/v2\/product_cat?post=3706133"},{"taxonomy":"product_tag","embeddable":true,"href":"https:\/\/streetmarkets.fr\/app\/wp-json\/wp\/v2\/product_tag?post=3706133"}],"curies":[{"name":"wp","href":"https:\/\/api.w.org\/{rel}","templated":true}]}}