{"id":3706074,"date":"2026-03-02T05:51:41","date_gmt":"2026-03-02T04:51:41","guid":{"rendered":"https:\/\/streetmarkets.fr\/app\/produit\/chaussettes-portobello\/"},"modified":"2026-03-16T05:52:08","modified_gmt":"2026-03-16T04:52:08","slug":"chaussettes-portobello","status":"publish","type":"product","link":"https:\/\/streetmarkets.fr\/app\/produit\/chaussettes-portobello\/","title":{"rendered":"Chaussettes Portobello"},"content":{"rendered":"<p>Les<strong> chaussettes Portobello de<\/strong> <strong>Pantherella<\/strong>, disponibles chez Harold, apportent une touche d\u2019originalit\u00e9 et de couleur \u00e0 votre garde-robe gr\u00e2ce \u00e0 leur<strong> design audacieux <\/strong>et leur<strong> confort incomparable.<\/strong><\/p>\n<p>Ces chaussettes se distinguent par leur <strong>c\u00f4te \u00e9lastique color\u00e9e<\/strong>\u00a0et leurs <strong>pointes et talons contrast\u00e9s en deux autres couleurs selon le mod\u00e8le choisi<\/strong>, ajoutant une touche de fantaisie \u00e0 vos tenues. Fabriqu\u00e9es en coton <strong>\u00c9gyptien<\/strong>, elles offrent une <strong>douceur naturelle<\/strong> et une <strong>r\u00e9sistance accrue<\/strong>, id\u00e9ales pour un port quotidien. Leur <strong>fabrication anglaise<\/strong> garantit une qualit\u00e9 artisanale et une durabilit\u00e9 optimale, tout en assurant un maintien parfait gr\u00e2ce \u00e0 leur \u00e9lasticit\u00e9.<\/p>\n<p><strong>Pourquoi les adopter ?<\/strong><\/p>\n<ul>\n<li>\n<strong>Style audacieux<\/strong> : Pointes et talons color\u00e9s pour une touche d\u2019originalit\u00e9.<\/li>\n<li>\n<strong>Confort optimal<\/strong> : Coton \u00c9gyptien pour une douceur et une respirabilit\u00e9 exceptionnelles.<\/li>\n<li>\n<strong>Qualit\u00e9 artisanale<\/strong> : Fabriqu\u00e9es en Angleterre, gage de durabilit\u00e9 et de savoir-faire.<\/li>\n<\/ul>\n<p>Pantherella mise sur des accessoires qui allient tradition et modernit\u00e9. Les chaussettes Portobello incarnent cette philosophie, id\u00e9ales pour ceux qui recherchent un d\u00e9tail vestimentaire \u00e0 la fois \u00e9l\u00e9gant et audacieux.<\/p>\n<p><strong>Notre conseil<\/strong> : Associez-les \u00e0 un pantalon en laine ou un jean pour un look <strong>chic et d\u00e9contract\u00e9<\/strong>, ou portez-les avec un costume pour ajouter une touche de fantaisie \u00e0 votre tenue professionnelle.<\/p>\n","protected":false},"excerpt":{"rendered":"<p>Les chaussettes Portobello de Pantherella, disponibles chez Harold, apportent une touche d\u2019originalit\u00e9 et de couleur \u00e0 votre garde-robe gr\u00e2ce \u00e0 leur design audacieux et leur confort incomparable. Ces chaussettes se distinguent par leur c\u00f4te \u00e9lastique color\u00e9e\u00a0et leurs pointes et talons contrast\u00e9s en deux autres couleurs selon le mod\u00e8le choisi, ajoutant une touche de fantaisie \u00e0 [&hellip;]<\/p>\n","protected":false},"featured_media":3706075,"comment_status":"open","ping_status":"closed","template":"","meta":[],"product_brand":[],"product_cat":[],"product_tag":[],"acf":[],"_links":{"self":[{"href":"https:\/\/streetmarkets.fr\/app\/wp-json\/wp\/v2\/product\/3706074"}],"collection":[{"href":"https:\/\/streetmarkets.fr\/app\/wp-json\/wp\/v2\/product"}],"about":[{"href":"https:\/\/streetmarkets.fr\/app\/wp-json\/wp\/v2\/types\/product"}],"replies":[{"embeddable":true,"href":"https:\/\/streetmarkets.fr\/app\/wp-json\/wp\/v2\/comments?post=3706074"}],"wp:featuredmedia":[{"embeddable":true,"href":"https:\/\/streetmarkets.fr\/app\/wp-json\/wp\/v2\/media\/3706075"}],"wp:attachment":[{"href":"https:\/\/streetmarkets.fr\/app\/wp-json\/wp\/v2\/media?parent=3706074"}],"wp:term":[{"taxonomy":"product_brand","embeddable":true,"href":"https:\/\/streetmarkets.fr\/app\/wp-json\/wp\/v2\/product_brand?post=3706074"},{"taxonomy":"product_cat","embeddable":true,"href":"https:\/\/streetmarkets.fr\/app\/wp-json\/wp\/v2\/product_cat?post=3706074"},{"taxonomy":"product_tag","embeddable":true,"href":"https:\/\/streetmarkets.fr\/app\/wp-json\/wp\/v2\/product_tag?post=3706074"}],"curies":[{"name":"wp","href":"https:\/\/api.w.org\/{rel}","templated":true}]}}