{"id":3706012,"date":"2026-03-02T05:51:33","date_gmt":"2026-03-02T04:51:33","guid":{"rendered":"https:\/\/streetmarkets.fr\/app\/produit\/chaussettes-danvers\/"},"modified":"2026-03-16T05:51:17","modified_gmt":"2026-03-16T04:51:17","slug":"chaussettes-danvers","status":"publish","type":"product","link":"https:\/\/streetmarkets.fr\/app\/produit\/chaussettes-danvers\/","title":{"rendered":"Chaussettes Danvers"},"content":{"rendered":"<p data-start=\"316\" data-end=\"383\"><strong data-start=\"316\" data-end=\"383\">Le mod\u00e8le iconique de Pantherella, entre finesse et durabilit\u00e9.<\/strong><\/p>\n<p data-start=\"385\" data-end=\"660\">Les Danvers sont le best-seller de la maison Pantherella \u2014 un indispensable du vestiaire masculin.\u00a0Confectionn\u00e9es en fil d\u2019\u00c9cosse (cotton lisle), ces chaussettes fines, respirantes et parfaitement ajust\u00e9es s\u2019adaptent id\u00e9alement aux souliers habill\u00e9s, m\u00eame les plus \u00e9troits.<\/p>\n<p data-start=\"662\" data-end=\"802\">Le tricotage en c\u00f4tes assure un maintien optimal, tandis que la couture invisible au niveau des orteils garantit un confort sans frottement.<\/p>\n<p data-start=\"804\" data-end=\"937\">Disponibles dans une large palette de couleurs : des tons classiques aux nuances plus vives pour twister un look en toute discr\u00e9tion.<\/p>\n","protected":false},"excerpt":{"rendered":"<p>Le mod\u00e8le iconique de Pantherella, entre finesse et durabilit\u00e9. Les Danvers sont le best-seller de la maison Pantherella \u2014 un indispensable du vestiaire masculin.\u00a0Confectionn\u00e9es en fil d\u2019\u00c9cosse (cotton lisle), ces chaussettes fines, respirantes et parfaitement ajust\u00e9es s\u2019adaptent id\u00e9alement aux souliers habill\u00e9s, m\u00eame les plus \u00e9troits. Le tricotage en c\u00f4tes assure un maintien optimal, tandis que [&hellip;]<\/p>\n","protected":false},"featured_media":3706013,"comment_status":"open","ping_status":"closed","template":"","meta":[],"product_brand":[],"product_cat":[],"product_tag":[],"acf":[],"_links":{"self":[{"href":"https:\/\/streetmarkets.fr\/app\/wp-json\/wp\/v2\/product\/3706012"}],"collection":[{"href":"https:\/\/streetmarkets.fr\/app\/wp-json\/wp\/v2\/product"}],"about":[{"href":"https:\/\/streetmarkets.fr\/app\/wp-json\/wp\/v2\/types\/product"}],"replies":[{"embeddable":true,"href":"https:\/\/streetmarkets.fr\/app\/wp-json\/wp\/v2\/comments?post=3706012"}],"wp:featuredmedia":[{"embeddable":true,"href":"https:\/\/streetmarkets.fr\/app\/wp-json\/wp\/v2\/media\/3706013"}],"wp:attachment":[{"href":"https:\/\/streetmarkets.fr\/app\/wp-json\/wp\/v2\/media?parent=3706012"}],"wp:term":[{"taxonomy":"product_brand","embeddable":true,"href":"https:\/\/streetmarkets.fr\/app\/wp-json\/wp\/v2\/product_brand?post=3706012"},{"taxonomy":"product_cat","embeddable":true,"href":"https:\/\/streetmarkets.fr\/app\/wp-json\/wp\/v2\/product_cat?post=3706012"},{"taxonomy":"product_tag","embeddable":true,"href":"https:\/\/streetmarkets.fr\/app\/wp-json\/wp\/v2\/product_tag?post=3706012"}],"curies":[{"name":"wp","href":"https:\/\/api.w.org\/{rel}","templated":true}]}}