{"id":3700503,"date":"2026-03-01T07:40:35","date_gmt":"2026-03-01T06:40:35","guid":{"rendered":"https:\/\/streetmarkets.fr\/app\/produit\/bague-libellule-amethyste-violette-au-fil-de-lo\/"},"modified":"2026-05-12T08:40:00","modified_gmt":"2026-05-12T06:40:00","slug":"bague-libellule-amethyste-violette-au-fil-de-lo","status":"publish","type":"product","link":"https:\/\/streetmarkets.fr\/app\/produit\/bague-libellule-amethyste-violette-au-fil-de-lo\/","title":{"rendered":"Bague libellule am\u00e9thyste violette &#8211; Au Fil de LO"},"content":{"rendered":"<p>Nouvelle collection !<\/p>\n<p>Bague avec une libellule dor\u00e9e\u00a0<span>orn\u00e9e d\u2019une pierre en am\u00e9thyste violette.\u00a0<\/span><\/p>\n<p>Cette bague a un syst\u00e8me ajustable qui vous permettra d&#8217;avoir votre taille exacte ou vous pourrez l&#8217;offrir. Il vous suffit de pousser sur les 2 billes dor\u00e9es en m\u00eame temps pour ajuster la taille.<\/p>\n<p>Retrouvez sur notre eshop une s\u00e9lection des plus beaux mod\u00e8les de bijoux de la marque <a href=\"https:\/\/www.joee.fr\/concept-store-au-fil-de-lo-paris\" target=\"_blank\" rel=\"noopener\">Au Fil de LO.<\/a><\/p>\n","protected":false},"excerpt":{"rendered":"<p>Nouvelle collection ! Bague avec une libellule dor\u00e9e\u00a0orn\u00e9e d\u2019une pierre en am\u00e9thyste violette.\u00a0 Cette bague a un syst\u00e8me ajustable qui vous permettra d&#8217;avoir votre taille exacte ou vous pourrez l&#8217;offrir. Il vous suffit de pousser sur les 2 billes dor\u00e9es en m\u00eame temps pour ajuster la taille. Retrouvez sur notre eshop une s\u00e9lection des plus [&hellip;]<\/p>\n","protected":false},"featured_media":3700504,"comment_status":"open","ping_status":"closed","template":"","meta":[],"product_brand":[],"product_cat":[],"product_tag":[],"acf":[],"_links":{"self":[{"href":"https:\/\/streetmarkets.fr\/app\/wp-json\/wp\/v2\/product\/3700503"}],"collection":[{"href":"https:\/\/streetmarkets.fr\/app\/wp-json\/wp\/v2\/product"}],"about":[{"href":"https:\/\/streetmarkets.fr\/app\/wp-json\/wp\/v2\/types\/product"}],"replies":[{"embeddable":true,"href":"https:\/\/streetmarkets.fr\/app\/wp-json\/wp\/v2\/comments?post=3700503"}],"wp:featuredmedia":[{"embeddable":true,"href":"https:\/\/streetmarkets.fr\/app\/wp-json\/wp\/v2\/media\/3700504"}],"wp:attachment":[{"href":"https:\/\/streetmarkets.fr\/app\/wp-json\/wp\/v2\/media?parent=3700503"}],"wp:term":[{"taxonomy":"product_brand","embeddable":true,"href":"https:\/\/streetmarkets.fr\/app\/wp-json\/wp\/v2\/product_brand?post=3700503"},{"taxonomy":"product_cat","embeddable":true,"href":"https:\/\/streetmarkets.fr\/app\/wp-json\/wp\/v2\/product_cat?post=3700503"},{"taxonomy":"product_tag","embeddable":true,"href":"https:\/\/streetmarkets.fr\/app\/wp-json\/wp\/v2\/product_tag?post=3700503"}],"curies":[{"name":"wp","href":"https:\/\/api.w.org\/{rel}","templated":true}]}}