{"id":3700495,"date":"2026-03-01T07:40:35","date_gmt":"2026-03-01T06:40:35","guid":{"rendered":"https:\/\/streetmarkets.fr\/app\/produit\/bague-ronde-cristal-de-roche-au-fil-de-lo\/"},"modified":"2026-05-05T08:39:56","modified_gmt":"2026-05-05T06:39:56","slug":"bague-ronde-cristal-de-roche-au-fil-de-lo","status":"publish","type":"product","link":"https:\/\/streetmarkets.fr\/app\/produit\/bague-ronde-cristal-de-roche-au-fil-de-lo\/","title":{"rendered":"Bague ronde cristal de roche &#8211; Au Fil de LO"},"content":{"rendered":"<p data-mce-fragment=\"1\">Bague ronde avec pierres semi-pr\u00e9cieuses cristal de roche et plaqu\u00e9e or 18 carats.<\/p>\n<p data-mce-fragment=\"1\">Cette bague a un syst\u00e8me ajustable qui vous permettra d&#8217;avoir votre taille exacte ou vous pourrez l&#8217;offrir. Il vous suffit de pousser sur les 2 billes dor\u00e9es en m\u00eame temps pour ajuster la taille.<\/p>\n<p data-mce-fragment=\"1\">Retrouvez sur notre eshop une s\u00e9lection des plus beaux mod\u00e8les de bijoux de la marque <a data-mce-fragment=\"1\" href=\"https:\/\/www.joee.fr\/concept-store-au-fil-de-lo-paris\" target=\"_blank\" rel=\"noopener\">Au Fil de LO.<\/a><\/p>\n","protected":false},"excerpt":{"rendered":"<p>Bague ronde avec pierres semi-pr\u00e9cieuses cristal de roche et plaqu\u00e9e or 18 carats. Cette bague a un syst\u00e8me ajustable qui vous permettra d&#8217;avoir votre taille exacte ou vous pourrez l&#8217;offrir. Il vous suffit de pousser sur les 2 billes dor\u00e9es en m\u00eame temps pour ajuster la taille. Retrouvez sur notre eshop une s\u00e9lection des plus [&hellip;]<\/p>\n","protected":false},"featured_media":3700496,"comment_status":"open","ping_status":"closed","template":"","meta":[],"product_brand":[],"product_cat":[],"product_tag":[],"acf":[],"_links":{"self":[{"href":"https:\/\/streetmarkets.fr\/app\/wp-json\/wp\/v2\/product\/3700495"}],"collection":[{"href":"https:\/\/streetmarkets.fr\/app\/wp-json\/wp\/v2\/product"}],"about":[{"href":"https:\/\/streetmarkets.fr\/app\/wp-json\/wp\/v2\/types\/product"}],"replies":[{"embeddable":true,"href":"https:\/\/streetmarkets.fr\/app\/wp-json\/wp\/v2\/comments?post=3700495"}],"wp:featuredmedia":[{"embeddable":true,"href":"https:\/\/streetmarkets.fr\/app\/wp-json\/wp\/v2\/media\/3700496"}],"wp:attachment":[{"href":"https:\/\/streetmarkets.fr\/app\/wp-json\/wp\/v2\/media?parent=3700495"}],"wp:term":[{"taxonomy":"product_brand","embeddable":true,"href":"https:\/\/streetmarkets.fr\/app\/wp-json\/wp\/v2\/product_brand?post=3700495"},{"taxonomy":"product_cat","embeddable":true,"href":"https:\/\/streetmarkets.fr\/app\/wp-json\/wp\/v2\/product_cat?post=3700495"},{"taxonomy":"product_tag","embeddable":true,"href":"https:\/\/streetmarkets.fr\/app\/wp-json\/wp\/v2\/product_tag?post=3700495"}],"curies":[{"name":"wp","href":"https:\/\/api.w.org\/{rel}","templated":true}]}}