{"id":3700464,"date":"2026-03-01T07:40:32","date_gmt":"2026-03-01T06:40:32","guid":{"rendered":"https:\/\/streetmarkets.fr\/app\/produit\/corsina-dark-brown-dragon-diffusion\/"},"modified":"2026-05-15T08:40:05","modified_gmt":"2026-05-15T06:40:05","slug":"corsina-dark-brown-dragon-diffusion","status":"publish","type":"product","link":"https:\/\/streetmarkets.fr\/app\/produit\/corsina-dark-brown-dragon-diffusion\/","title":{"rendered":"Corsina dark brown &#8211; Dragon Diffusion"},"content":{"rendered":"<p>Le sac bandouli\u00e8re Corsina se distingue par son tressage \u00e0 la main et sa forme souple et d\u00e9contract\u00e9e.\u00a0<\/p>\n<p>Dot\u00e9 d&#8217;une fermeture \u00e0 rabat, il se porte confortablement en bandouli\u00e8re, id\u00e9al pour une utilisation quotidienne.<\/p>\n<ul class=\"_fdc1e5\">\n<li data-component=\"Body\" class=\"ltr-4y8w0i-Body\">rabat sur le dessus<\/li>\n<li data-component=\"Body\" class=\"ltr-4y8w0i-Body\">bride port\u00e9e \u00e9paule tress\u00e9e<\/li>\n<\/ul>\n<p>\u00c0 l&#8217;int\u00e9rieur de chaque sac Dragon Diffusion, se trouve une m\u00e9daille d\u00e9di\u00e9e \u00e0 Saint-Christophe, patron des voyageurs, minutieusement cousue \u00e0 la main, incarnant le sceau d&#8217;authenticit\u00e9 de la marque Dragon Diffusion.<\/p>\n","protected":false},"excerpt":{"rendered":"<p>Le sac bandouli\u00e8re Corsina se distingue par son tressage \u00e0 la main et sa forme souple et d\u00e9contract\u00e9e.\u00a0 Dot\u00e9 d&#8217;une fermeture \u00e0 rabat, il se porte confortablement en bandouli\u00e8re, id\u00e9al pour une utilisation quotidienne. rabat sur le dessus bride port\u00e9e \u00e9paule tress\u00e9e \u00c0 l&#8217;int\u00e9rieur de chaque sac Dragon Diffusion, se trouve une m\u00e9daille d\u00e9di\u00e9e \u00e0 [&hellip;]<\/p>\n","protected":false},"featured_media":3700465,"comment_status":"open","ping_status":"closed","template":"","meta":[],"product_brand":[],"product_cat":[],"product_tag":[],"acf":[],"_links":{"self":[{"href":"https:\/\/streetmarkets.fr\/app\/wp-json\/wp\/v2\/product\/3700464"}],"collection":[{"href":"https:\/\/streetmarkets.fr\/app\/wp-json\/wp\/v2\/product"}],"about":[{"href":"https:\/\/streetmarkets.fr\/app\/wp-json\/wp\/v2\/types\/product"}],"replies":[{"embeddable":true,"href":"https:\/\/streetmarkets.fr\/app\/wp-json\/wp\/v2\/comments?post=3700464"}],"wp:featuredmedia":[{"embeddable":true,"href":"https:\/\/streetmarkets.fr\/app\/wp-json\/wp\/v2\/media\/3700465"}],"wp:attachment":[{"href":"https:\/\/streetmarkets.fr\/app\/wp-json\/wp\/v2\/media?parent=3700464"}],"wp:term":[{"taxonomy":"product_brand","embeddable":true,"href":"https:\/\/streetmarkets.fr\/app\/wp-json\/wp\/v2\/product_brand?post=3700464"},{"taxonomy":"product_cat","embeddable":true,"href":"https:\/\/streetmarkets.fr\/app\/wp-json\/wp\/v2\/product_cat?post=3700464"},{"taxonomy":"product_tag","embeddable":true,"href":"https:\/\/streetmarkets.fr\/app\/wp-json\/wp\/v2\/product_tag?post=3700464"}],"curies":[{"name":"wp","href":"https:\/\/api.w.org\/{rel}","templated":true}]}}