{"id":3696450,"date":"2026-02-28T23:59:17","date_gmt":"2026-02-28T22:59:17","guid":{"rendered":"https:\/\/streetmarkets.fr\/app\/produit\/boucles-doreilles-fleurs-fuchsia\/"},"modified":"2026-05-08T00:59:37","modified_gmt":"2026-05-07T22:59:37","slug":"boucles-doreilles-fleurs-fuchsia","status":"publish","type":"product","link":"https:\/\/streetmarkets.fr\/app\/produit\/boucles-doreilles-fleurs-fuchsia\/","title":{"rendered":"Boucles d&#8217;oreilles Fleurs Fuchsia"},"content":{"rendered":"<p data-start=\"0\" data-end=\"79\">Boucles d\u2019oreilles Fleurs Fuchsia : Un jardin tiss\u00e9 qui danse \u00e0 nos oreilles.\u00a0<br \/>Ces boucles d\u2019oreilles en laiton dor\u00e9 \u00e0 l\u2019or fin, enti\u00e8rement faites main en France, dessinent une grande forme de goutte a\u00e9rienne de 7 cm. Une constellation de petites fleurs fuchsia tiss\u00e9es s\u2019entrelacent d\u00e9licatement pour suivre la ligne de la goutte et cr\u00e9er un motif v\u00e9g\u00e9tal l\u00e9ger et graphique.<\/p>\n<p data-start=\"411\" data-end=\"631\">Chaque fleur est reli\u00e9e \u00e0 l\u2019autre, pour une composition pleine de mouvement. Le travail de tissage donne du \u00a0relief et de la finesse, \u00e0 la structure dor\u00e9e.<\/p>\n<p data-start=\"633\" data-end=\"858\">Mont\u00e9es sur dormeuses, ces boucles sont aussi agr\u00e9ables \u00e0 porter qu\u2019\u00e0 regarder. Leur format allong\u00e9 accompagne le mouvement du visage et donne imm\u00e9diatement du style \u00e0 un simple t-shirt ou \u00e0 une robe plus habill\u00e9e.<\/p>\n<p data-start=\"860\" data-end=\"1001\">Cr\u00e9\u00e9es et fabriqu\u00e9es \u00e0 Lyon par la cr\u00e9<img>atrice, elles refl\u00e8tent un savoir-faire artisanal pr\u00e9cis et une vraie sensibilit\u00e9 pour les d\u00e9tails.<\/p>\n<p data-start=\"1003\" data-end=\"1093\" data-is-last-node=\"\" data-is-only-node=\"\">Une pluie de fleurs, un \u00e9clat dor\u00e9\u2026 et nos oreilles passent instantan\u00e9ment en mode po\u00e9sie.<\/p>\n","protected":false},"excerpt":{"rendered":"<p>Boucles d\u2019oreilles Fleurs Fuchsia : Un jardin tiss\u00e9 qui danse \u00e0 nos oreilles.\u00a0Ces boucles d\u2019oreilles en laiton dor\u00e9 \u00e0 l\u2019or fin, enti\u00e8rement faites main en France, dessinent une grande forme de goutte a\u00e9rienne de 7 cm. Une constellation de petites fleurs fuchsia tiss\u00e9es s\u2019entrelacent d\u00e9licatement pour suivre la ligne de la goutte et cr\u00e9er un [&hellip;]<\/p>\n","protected":false},"featured_media":3696451,"comment_status":"open","ping_status":"closed","template":"","meta":[],"product_brand":[],"product_cat":[],"product_tag":[],"acf":[],"_links":{"self":[{"href":"https:\/\/streetmarkets.fr\/app\/wp-json\/wp\/v2\/product\/3696450"}],"collection":[{"href":"https:\/\/streetmarkets.fr\/app\/wp-json\/wp\/v2\/product"}],"about":[{"href":"https:\/\/streetmarkets.fr\/app\/wp-json\/wp\/v2\/types\/product"}],"replies":[{"embeddable":true,"href":"https:\/\/streetmarkets.fr\/app\/wp-json\/wp\/v2\/comments?post=3696450"}],"wp:featuredmedia":[{"embeddable":true,"href":"https:\/\/streetmarkets.fr\/app\/wp-json\/wp\/v2\/media\/3696451"}],"wp:attachment":[{"href":"https:\/\/streetmarkets.fr\/app\/wp-json\/wp\/v2\/media?parent=3696450"}],"wp:term":[{"taxonomy":"product_brand","embeddable":true,"href":"https:\/\/streetmarkets.fr\/app\/wp-json\/wp\/v2\/product_brand?post=3696450"},{"taxonomy":"product_cat","embeddable":true,"href":"https:\/\/streetmarkets.fr\/app\/wp-json\/wp\/v2\/product_cat?post=3696450"},{"taxonomy":"product_tag","embeddable":true,"href":"https:\/\/streetmarkets.fr\/app\/wp-json\/wp\/v2\/product_tag?post=3696450"}],"curies":[{"name":"wp","href":"https:\/\/api.w.org\/{rel}","templated":true}]}}