{"id":3696439,"date":"2026-02-28T23:58:45","date_gmt":"2026-02-28T22:58:45","guid":{"rendered":"https:\/\/streetmarkets.fr\/app\/produit\/bracelet-coeur-gravure\/"},"modified":"2026-05-03T00:58:42","modified_gmt":"2026-05-02T22:58:42","slug":"bracelet-coeur-gravure","status":"publish","type":"product","link":"https:\/\/streetmarkets.fr\/app\/produit\/bracelet-coeur-gravure\/","title":{"rendered":"Bracelet C\u0153ur Gravure"},"content":{"rendered":"<p>Bracelet C\u0153ur Gravure : Le bijou doux \u00e0 message lumineux !\u00a0<br \/>Un c\u0153ur dor\u00e9 finement grav\u00e9, comme un petit talisman \u00e0 garder contre soi\u2026 Ce bracelet en laiton dor\u00e9 \u00e0 l\u2019or fin illumine le poignet avec sa surface stri\u00e9e qui joue avec la lumi\u00e8re. Chaque graphisme cr\u00e9\u00e9 des reflets et lui donne un \u00e9clat vivant, presque solaire.<\/p>\n<p>Avec ses courbes et son format discret, ce c\u0153ur raconte des choses simples et pr\u00e9cieuses : l\u2019amour, la joie, la transmission. Un bijou \u00e0 s\u2019offrir ou \u00e0 offrir, comme une d\u00e9claration tout en douceur.<\/p>\n<p>On aime :<br data-start=\"550\" data-end=\"553\">\u2013 La finesse des stries grav\u00e9es fa\u00e7on facettes.<br data-start=\"599\" data-end=\"602\">\u2013 La symbolique du c\u0153ur, douce et universelle.<br data-start=\"647\" data-end=\"650\">\u2013 Son format mini mais ultra lumineux.<\/p>\n<p>Mais aussi sa\u00a0fabrication artisanale entre La Rochelle et Paris.<\/p>\n","protected":false},"excerpt":{"rendered":"<p>Bracelet C\u0153ur Gravure : Le bijou doux \u00e0 message lumineux !\u00a0Un c\u0153ur dor\u00e9 finement grav\u00e9, comme un petit talisman \u00e0 garder contre soi\u2026 Ce bracelet en laiton dor\u00e9 \u00e0 l\u2019or fin illumine le poignet avec sa surface stri\u00e9e qui joue avec la lumi\u00e8re. Chaque graphisme cr\u00e9\u00e9 des reflets et lui donne un \u00e9clat vivant, presque [&hellip;]<\/p>\n","protected":false},"featured_media":3696440,"comment_status":"open","ping_status":"closed","template":"","meta":[],"product_brand":[],"product_cat":[],"product_tag":[],"acf":[],"_links":{"self":[{"href":"https:\/\/streetmarkets.fr\/app\/wp-json\/wp\/v2\/product\/3696439"}],"collection":[{"href":"https:\/\/streetmarkets.fr\/app\/wp-json\/wp\/v2\/product"}],"about":[{"href":"https:\/\/streetmarkets.fr\/app\/wp-json\/wp\/v2\/types\/product"}],"replies":[{"embeddable":true,"href":"https:\/\/streetmarkets.fr\/app\/wp-json\/wp\/v2\/comments?post=3696439"}],"wp:featuredmedia":[{"embeddable":true,"href":"https:\/\/streetmarkets.fr\/app\/wp-json\/wp\/v2\/media\/3696440"}],"wp:attachment":[{"href":"https:\/\/streetmarkets.fr\/app\/wp-json\/wp\/v2\/media?parent=3696439"}],"wp:term":[{"taxonomy":"product_brand","embeddable":true,"href":"https:\/\/streetmarkets.fr\/app\/wp-json\/wp\/v2\/product_brand?post=3696439"},{"taxonomy":"product_cat","embeddable":true,"href":"https:\/\/streetmarkets.fr\/app\/wp-json\/wp\/v2\/product_cat?post=3696439"},{"taxonomy":"product_tag","embeddable":true,"href":"https:\/\/streetmarkets.fr\/app\/wp-json\/wp\/v2\/product_tag?post=3696439"}],"curies":[{"name":"wp","href":"https:\/\/api.w.org\/{rel}","templated":true}]}}