{"id":3696435,"date":"2026-02-28T23:58:30","date_gmt":"2026-02-28T22:58:30","guid":{"rendered":"https:\/\/streetmarkets.fr\/app\/produit\/bague-ginkgo\/"},"modified":"2026-05-08T00:58:37","modified_gmt":"2026-05-07T22:58:37","slug":"bague-ginkgo","status":"publish","type":"product","link":"https:\/\/streetmarkets.fr\/app\/produit\/bague-ginkgo\/","title":{"rendered":"Bague Ginkgo"},"content":{"rendered":"<p>Bague Ginkgo : Une feuille d\u2019or au creux de la main.<br data-start=\"168\" data-end=\"171\">Une bague fine, r\u00e9glable, plaqu\u00e9e or, qui capture la beaut\u00e9 singuli\u00e8re du Ginkgo. Son motif grav\u00e9 et nervur\u00e9 rappelle les lignes et les reliefs subtils de cette feuille embl\u00e9matique, symbole de r\u00e9silience et de renouveau.<\/p>\n<p>On aime :<br data-start=\"590\" data-end=\"593\">\u2022 Plaqu\u00e9 or 3 microns.<br data-start=\"614\" data-end=\"617\">\u2022 Motif grav\u00e9 inspir\u00e9 des feuilles de Ginkgo.<br data-start=\"661\" data-end=\"664\">\u2022 Design l\u00e9ger et affirm\u00e9.<br data-start=\"689\" data-end=\"692\">\u2022 Ajustable : s\u2019adapte du 51 au 56.<br data-start=\"726\" data-end=\"729\">\u2022 Fabriqu\u00e9e en France, entre La Rochelle et la r\u00e9gion parisienne.<br data-start=\"793\" data-end=\"796\">\u2022 Dimensions du motif : 1,9 x 1 cm.<\/p>\n<p>Avec son design raffin\u00e9, tout en finesse, elle habille la main d\u2019une touche dor\u00e9e inspir\u00e9e par la nature.\u00a0<\/p>\n","protected":false},"excerpt":{"rendered":"<p>Bague Ginkgo : Une feuille d\u2019or au creux de la main.Une bague fine, r\u00e9glable, plaqu\u00e9e or, qui capture la beaut\u00e9 singuli\u00e8re du Ginkgo. Son motif grav\u00e9 et nervur\u00e9 rappelle les lignes et les reliefs subtils de cette feuille embl\u00e9matique, symbole de r\u00e9silience et de renouveau. On aime :\u2022 Plaqu\u00e9 or 3 microns.\u2022 Motif grav\u00e9 inspir\u00e9 [&hellip;]<\/p>\n","protected":false},"featured_media":3696436,"comment_status":"open","ping_status":"closed","template":"","meta":[],"product_brand":[],"product_cat":[],"product_tag":[],"acf":[],"_links":{"self":[{"href":"https:\/\/streetmarkets.fr\/app\/wp-json\/wp\/v2\/product\/3696435"}],"collection":[{"href":"https:\/\/streetmarkets.fr\/app\/wp-json\/wp\/v2\/product"}],"about":[{"href":"https:\/\/streetmarkets.fr\/app\/wp-json\/wp\/v2\/types\/product"}],"replies":[{"embeddable":true,"href":"https:\/\/streetmarkets.fr\/app\/wp-json\/wp\/v2\/comments?post=3696435"}],"wp:featuredmedia":[{"embeddable":true,"href":"https:\/\/streetmarkets.fr\/app\/wp-json\/wp\/v2\/media\/3696436"}],"wp:attachment":[{"href":"https:\/\/streetmarkets.fr\/app\/wp-json\/wp\/v2\/media?parent=3696435"}],"wp:term":[{"taxonomy":"product_brand","embeddable":true,"href":"https:\/\/streetmarkets.fr\/app\/wp-json\/wp\/v2\/product_brand?post=3696435"},{"taxonomy":"product_cat","embeddable":true,"href":"https:\/\/streetmarkets.fr\/app\/wp-json\/wp\/v2\/product_cat?post=3696435"},{"taxonomy":"product_tag","embeddable":true,"href":"https:\/\/streetmarkets.fr\/app\/wp-json\/wp\/v2\/product_tag?post=3696435"}],"curies":[{"name":"wp","href":"https:\/\/api.w.org\/{rel}","templated":true}]}}