{"id":3691802,"date":"2026-02-27T23:56:54","date_gmt":"2026-02-27T22:56:54","guid":{"rendered":"https:\/\/streetmarkets.fr\/app\/produit\/body-hansa-alma-wheat\/"},"modified":"2026-05-13T00:56:18","modified_gmt":"2026-05-12T22:56:18","slug":"body-hansa-alma-wheat","status":"publish","type":"product","link":"https:\/\/streetmarkets.fr\/app\/produit\/body-hansa-alma-wheat\/","title":{"rendered":"Body Hansa ALMA WHEAT"},"content":{"rendered":"<p>\u00c9l\u00e9gant et fonctionnel, le body HANSA \u00e9pouse parfaitement la silhouette gr\u00e2ce \u00e0 sa coupe pr\u00e8s du corps et son encolure danseuse. D\u00e9collet\u00e9 subtil et fermeture \u00e0 l\u2019entrejambe par pressions pour un confort optimal. Un basique f\u00e9minin et pratique, parfait pour toutes vos tenues du quotidien ou occasions sp\u00e9ciales.<\/p>\n<p>D\u00c9TAILS<\/p>\n<ul>\n<li>Mati\u00e8re : 95% Coton et 5% \u00c9lasthanne<\/li>\n<li>Confectionn\u00e9 au Portugal<\/li>\n<li>Paula mesure 176 cm et porte une taille S<\/li>\n<\/ul>\n","protected":false},"excerpt":{"rendered":"<p>\u00c9l\u00e9gant et fonctionnel, le body HANSA \u00e9pouse parfaitement la silhouette gr\u00e2ce \u00e0 sa coupe pr\u00e8s du corps et son encolure danseuse. D\u00e9collet\u00e9 subtil et fermeture \u00e0 l\u2019entrejambe par pressions pour un confort optimal. Un basique f\u00e9minin et pratique, parfait pour toutes vos tenues du quotidien ou occasions sp\u00e9ciales. D\u00c9TAILS Mati\u00e8re : 95% Coton et 5% [&hellip;]<\/p>\n","protected":false},"featured_media":3691803,"comment_status":"open","ping_status":"closed","template":"","meta":[],"product_brand":[],"product_cat":[],"product_tag":[],"acf":[],"_links":{"self":[{"href":"https:\/\/streetmarkets.fr\/app\/wp-json\/wp\/v2\/product\/3691802"}],"collection":[{"href":"https:\/\/streetmarkets.fr\/app\/wp-json\/wp\/v2\/product"}],"about":[{"href":"https:\/\/streetmarkets.fr\/app\/wp-json\/wp\/v2\/types\/product"}],"replies":[{"embeddable":true,"href":"https:\/\/streetmarkets.fr\/app\/wp-json\/wp\/v2\/comments?post=3691802"}],"wp:featuredmedia":[{"embeddable":true,"href":"https:\/\/streetmarkets.fr\/app\/wp-json\/wp\/v2\/media\/3691803"}],"wp:attachment":[{"href":"https:\/\/streetmarkets.fr\/app\/wp-json\/wp\/v2\/media?parent=3691802"}],"wp:term":[{"taxonomy":"product_brand","embeddable":true,"href":"https:\/\/streetmarkets.fr\/app\/wp-json\/wp\/v2\/product_brand?post=3691802"},{"taxonomy":"product_cat","embeddable":true,"href":"https:\/\/streetmarkets.fr\/app\/wp-json\/wp\/v2\/product_cat?post=3691802"},{"taxonomy":"product_tag","embeddable":true,"href":"https:\/\/streetmarkets.fr\/app\/wp-json\/wp\/v2\/product_tag?post=3691802"}],"curies":[{"name":"wp","href":"https:\/\/api.w.org\/{rel}","templated":true}]}}