{"id":3691693,"date":"2026-02-27T07:41:21","date_gmt":"2026-02-27T06:41:21","guid":{"rendered":"https:\/\/streetmarkets.fr\/app\/produit\/blouse-delice-crochet-ecru-claramonte\/"},"modified":"2026-05-10T08:39:38","modified_gmt":"2026-05-10T06:39:38","slug":"blouse-delice-crochet-ecru-claramonte","status":"publish","type":"product","link":"https:\/\/streetmarkets.fr\/app\/produit\/blouse-delice-crochet-ecru-claramonte\/","title":{"rendered":"Blouse Delice crochet \u00e9cru &#8211; Claramonte"},"content":{"rendered":"<p>Blouse Delice revisit\u00e9e avec son col en crochet couleur \u00e9cru<\/p>\n<p>manches avec volume resserr\u00e9es aux poignets.\u00a0<\/p>\n<p>Claramonte est une marque fond\u00e9e par 2 designers fran\u00e7ais issus du bureau de design Ts\u00e9Ts\u00e9 et du studio Jean Paul Gauthier, la fabrication est en majorit\u00e9 r\u00e9alis\u00e9e au Maroc.\u00a0<\/p>\n","protected":false},"excerpt":{"rendered":"<p>Blouse Delice revisit\u00e9e avec son col en crochet couleur \u00e9cru manches avec volume resserr\u00e9es aux poignets.\u00a0 Claramonte est une marque fond\u00e9e par 2 designers fran\u00e7ais issus du bureau de design Ts\u00e9Ts\u00e9 et du studio Jean Paul Gauthier, la fabrication est en majorit\u00e9 r\u00e9alis\u00e9e au Maroc.\u00a0<\/p>\n","protected":false},"featured_media":3691694,"comment_status":"open","ping_status":"closed","template":"","meta":[],"product_brand":[],"product_cat":[],"product_tag":[],"acf":[],"_links":{"self":[{"href":"https:\/\/streetmarkets.fr\/app\/wp-json\/wp\/v2\/product\/3691693"}],"collection":[{"href":"https:\/\/streetmarkets.fr\/app\/wp-json\/wp\/v2\/product"}],"about":[{"href":"https:\/\/streetmarkets.fr\/app\/wp-json\/wp\/v2\/types\/product"}],"replies":[{"embeddable":true,"href":"https:\/\/streetmarkets.fr\/app\/wp-json\/wp\/v2\/comments?post=3691693"}],"wp:featuredmedia":[{"embeddable":true,"href":"https:\/\/streetmarkets.fr\/app\/wp-json\/wp\/v2\/media\/3691694"}],"wp:attachment":[{"href":"https:\/\/streetmarkets.fr\/app\/wp-json\/wp\/v2\/media?parent=3691693"}],"wp:term":[{"taxonomy":"product_brand","embeddable":true,"href":"https:\/\/streetmarkets.fr\/app\/wp-json\/wp\/v2\/product_brand?post=3691693"},{"taxonomy":"product_cat","embeddable":true,"href":"https:\/\/streetmarkets.fr\/app\/wp-json\/wp\/v2\/product_cat?post=3691693"},{"taxonomy":"product_tag","embeddable":true,"href":"https:\/\/streetmarkets.fr\/app\/wp-json\/wp\/v2\/product_tag?post=3691693"}],"curies":[{"name":"wp","href":"https:\/\/api.w.org\/{rel}","templated":true}]}}