{"id":3691688,"date":"2026-02-27T07:41:20","date_gmt":"2026-02-27T06:41:20","guid":{"rendered":"https:\/\/streetmarkets.fr\/app\/produit\/robe-maty-patch-yellow-claramonte\/"},"modified":"2026-05-12T08:40:00","modified_gmt":"2026-05-12T06:40:00","slug":"robe-maty-patch-yellow-claramonte","status":"publish","type":"product","link":"https:\/\/streetmarkets.fr\/app\/produit\/robe-maty-patch-yellow-claramonte\/","title":{"rendered":"Robe Maty patch yellow &#8211; Claramonte"},"content":{"rendered":"<p>Robe longue avec patchwork de tissu\u00a0<\/p>\n<p>Emmanchures larges avec manches \u00e9lastiqu\u00e9es \u00e0 mi bras\u00a0<\/p>\n<p><span>100% coton\u00a0<\/span><\/p>\n<p><span>Conseil taille : <\/span><\/p>\n<p><span>taille S correspond \u00e0 un 36\/38<\/span><\/p>\n<p>taille M correspond \u00e0 un 38\/40<\/p>\n<p>Claramonte est une marque fon<img>d\u00e9e par 2 designers fran\u00e7ais issus du bureau de design Ts\u00e9Ts\u00e9 et du studio Jean Paul Gauthier, la fabrication est en majorit\u00e9 r\u00e9alis\u00e9e au Maroc.\u00a0<\/p>\n","protected":false},"excerpt":{"rendered":"<p>Robe longue avec patchwork de tissu\u00a0 Emmanchures larges avec manches \u00e9lastiqu\u00e9es \u00e0 mi bras\u00a0 100% coton\u00a0 Conseil taille : taille S correspond \u00e0 un 36\/38 taille M correspond \u00e0 un 38\/40 Claramonte est une marque fond\u00e9e par 2 designers fran\u00e7ais issus du bureau de design Ts\u00e9Ts\u00e9 et du studio Jean Paul Gauthier, la fabrication est [&hellip;]<\/p>\n","protected":false},"featured_media":3691689,"comment_status":"open","ping_status":"closed","template":"","meta":[],"product_brand":[],"product_cat":[],"product_tag":[],"acf":[],"_links":{"self":[{"href":"https:\/\/streetmarkets.fr\/app\/wp-json\/wp\/v2\/product\/3691688"}],"collection":[{"href":"https:\/\/streetmarkets.fr\/app\/wp-json\/wp\/v2\/product"}],"about":[{"href":"https:\/\/streetmarkets.fr\/app\/wp-json\/wp\/v2\/types\/product"}],"replies":[{"embeddable":true,"href":"https:\/\/streetmarkets.fr\/app\/wp-json\/wp\/v2\/comments?post=3691688"}],"wp:featuredmedia":[{"embeddable":true,"href":"https:\/\/streetmarkets.fr\/app\/wp-json\/wp\/v2\/media\/3691689"}],"wp:attachment":[{"href":"https:\/\/streetmarkets.fr\/app\/wp-json\/wp\/v2\/media?parent=3691688"}],"wp:term":[{"taxonomy":"product_brand","embeddable":true,"href":"https:\/\/streetmarkets.fr\/app\/wp-json\/wp\/v2\/product_brand?post=3691688"},{"taxonomy":"product_cat","embeddable":true,"href":"https:\/\/streetmarkets.fr\/app\/wp-json\/wp\/v2\/product_cat?post=3691688"},{"taxonomy":"product_tag","embeddable":true,"href":"https:\/\/streetmarkets.fr\/app\/wp-json\/wp\/v2\/product_tag?post=3691688"}],"curies":[{"name":"wp","href":"https:\/\/api.w.org\/{rel}","templated":true}]}}