{"id":3686619,"date":"2026-02-27T00:58:48","date_gmt":"2026-02-26T23:58:48","guid":{"rendered":"https:\/\/streetmarkets.fr\/app\/produit\/robe-longue-bretelles-a-decoupe-coeur-s26-femme-noir\/"},"modified":"2026-05-13T01:40:42","modified_gmt":"2026-05-12T23:40:42","slug":"robe-longue-bretelles-a-decoupe-coeur-s26-femme-noir","status":"publish","type":"product","link":"https:\/\/streetmarkets.fr\/app\/produit\/robe-longue-bretelles-a-decoupe-coeur-s26-femme-noir\/","title":{"rendered":"Robe Longue Bretelles \u00e0 D\u00e9coupe C\u0153ur (S26\/ FEMME\/ Noir)"},"content":{"rendered":"<p>Une silhouette \u00e9l\u00e9gante et sculpturale qui joue sur les d\u00e9tails inattendus. Cette robe longue en jersey de viscose se distingue par son d\u00e9collet\u00e9 c\u0153ur \u00e0 l&#8217;avant et sa d\u00e9coupe en forme de c\u0153ur au dos, agr\u00e9ment\u00e9e de fronces d\u00e9licates pour une allure \u00e0 la fois romantique et r\u00e9solument moderne.<\/p>\n<p>&#8211; Robe longue \u00e0 fines bretelles ajustables <br \/>&#8211; D\u00e9collet\u00e9 c\u0153ur \u00e0 l&#8217;avant <br \/>&#8211; D\u00e9coupe en forme de c\u0153ur au dos avec d\u00e9tails de fronces <br \/>&#8211; Fente lat\u00e9rale sur la jambe <br \/>&#8211; Coupe slim <br \/>&#8211; Jersey de viscose<\/p>\n","protected":false},"excerpt":{"rendered":"<p>Une silhouette \u00e9l\u00e9gante et sculpturale qui joue sur les d\u00e9tails inattendus. Cette robe longue en jersey de viscose se distingue par son d\u00e9collet\u00e9 c\u0153ur \u00e0 l&#8217;avant et sa d\u00e9coupe en forme de c\u0153ur au dos, agr\u00e9ment\u00e9e de fronces d\u00e9licates pour une allure \u00e0 la fois romantique et r\u00e9solument moderne. &#8211; Robe longue \u00e0 fines bretelles [&hellip;]<\/p>\n","protected":false},"featured_media":3686620,"comment_status":"open","ping_status":"closed","template":"","meta":[],"product_brand":[6868],"product_cat":[],"product_tag":[],"acf":[],"_links":{"self":[{"href":"https:\/\/streetmarkets.fr\/app\/wp-json\/wp\/v2\/product\/3686619"}],"collection":[{"href":"https:\/\/streetmarkets.fr\/app\/wp-json\/wp\/v2\/product"}],"about":[{"href":"https:\/\/streetmarkets.fr\/app\/wp-json\/wp\/v2\/types\/product"}],"replies":[{"embeddable":true,"href":"https:\/\/streetmarkets.fr\/app\/wp-json\/wp\/v2\/comments?post=3686619"}],"wp:featuredmedia":[{"embeddable":true,"href":"https:\/\/streetmarkets.fr\/app\/wp-json\/wp\/v2\/media\/3686620"}],"wp:attachment":[{"href":"https:\/\/streetmarkets.fr\/app\/wp-json\/wp\/v2\/media?parent=3686619"}],"wp:term":[{"taxonomy":"product_brand","embeddable":true,"href":"https:\/\/streetmarkets.fr\/app\/wp-json\/wp\/v2\/product_brand?post=3686619"},{"taxonomy":"product_cat","embeddable":true,"href":"https:\/\/streetmarkets.fr\/app\/wp-json\/wp\/v2\/product_cat?post=3686619"},{"taxonomy":"product_tag","embeddable":true,"href":"https:\/\/streetmarkets.fr\/app\/wp-json\/wp\/v2\/product_tag?post=3686619"}],"curies":[{"name":"wp","href":"https:\/\/api.w.org\/{rel}","templated":true}]}}