{"id":3686607,"date":"2026-02-27T00:58:46","date_gmt":"2026-02-26T23:58:46","guid":{"rendered":"https:\/\/streetmarkets.fr\/app\/produit\/top-bretelles-s26-femme-noir\/"},"modified":"2026-05-12T01:55:23","modified_gmt":"2026-05-11T23:55:23","slug":"top-bretelles-s26-femme-noir","status":"publish","type":"product","link":"https:\/\/streetmarkets.fr\/app\/produit\/top-bretelles-s26-femme-noir\/","title":{"rendered":"Top bretelles (S26\/ FEMME\/ Noir)"},"content":{"rendered":"<p>Une pi\u00e8ce de caract\u00e8re aux accents couture qui structure la silhouette avec \u00e9l\u00e9gance. Ce top en satin de soie se distingue par son jeu de fronces sur le buste et son ouverture frontale orn\u00e9e d&#8217;agrafes, offrant une allure \u00e0 la fois sophistiqu\u00e9e et r\u00e9solument moderne.<\/p>\n<p>&#8211; Top \u00e0 fines bretelles ajustables<br \/>\n<br \/>&#8211; D\u00e9collet\u00e9 avec d\u00e9tails de fronces sur la poitrine<br \/>\n<br \/>&#8211; Fermeture par agrafes sur le milieu devant<br \/>\n<br \/>&#8211; Dos smock\u00e9 pour un ajustement parfait<br \/>\n<br \/>&#8211; Coupe slim<br \/>\n<br \/>&#8211; 100% soie<\/p>\n","protected":false},"excerpt":{"rendered":"<p>Une pi\u00e8ce de caract\u00e8re aux accents couture qui structure la silhouette avec \u00e9l\u00e9gance. Ce top en satin de soie se distingue par son jeu de fronces sur le buste et son ouverture frontale orn\u00e9e d&#8217;agrafes, offrant une allure \u00e0 la fois sophistiqu\u00e9e et r\u00e9solument moderne. &#8211; Top \u00e0 fines bretelles ajustables &#8211; D\u00e9collet\u00e9 avec d\u00e9tails [&hellip;]<\/p>\n","protected":false},"featured_media":3686608,"comment_status":"open","ping_status":"closed","template":"","meta":[],"product_brand":[6868],"product_cat":[],"product_tag":[],"acf":[],"_links":{"self":[{"href":"https:\/\/streetmarkets.fr\/app\/wp-json\/wp\/v2\/product\/3686607"}],"collection":[{"href":"https:\/\/streetmarkets.fr\/app\/wp-json\/wp\/v2\/product"}],"about":[{"href":"https:\/\/streetmarkets.fr\/app\/wp-json\/wp\/v2\/types\/product"}],"replies":[{"embeddable":true,"href":"https:\/\/streetmarkets.fr\/app\/wp-json\/wp\/v2\/comments?post=3686607"}],"wp:featuredmedia":[{"embeddable":true,"href":"https:\/\/streetmarkets.fr\/app\/wp-json\/wp\/v2\/media\/3686608"}],"wp:attachment":[{"href":"https:\/\/streetmarkets.fr\/app\/wp-json\/wp\/v2\/media?parent=3686607"}],"wp:term":[{"taxonomy":"product_brand","embeddable":true,"href":"https:\/\/streetmarkets.fr\/app\/wp-json\/wp\/v2\/product_brand?post=3686607"},{"taxonomy":"product_cat","embeddable":true,"href":"https:\/\/streetmarkets.fr\/app\/wp-json\/wp\/v2\/product_cat?post=3686607"},{"taxonomy":"product_tag","embeddable":true,"href":"https:\/\/streetmarkets.fr\/app\/wp-json\/wp\/v2\/product_tag?post=3686607"}],"curies":[{"name":"wp","href":"https:\/\/api.w.org\/{rel}","templated":true}]}}