{"id":3686581,"date":"2026-02-27T00:58:42","date_gmt":"2026-02-26T23:58:42","guid":{"rendered":"https:\/\/streetmarkets.fr\/app\/produit\/robe-longue-bretelles-a-dentelles-s26-femme-navy-jacquard\/"},"modified":"2026-05-12T01:55:23","modified_gmt":"2026-05-11T23:55:23","slug":"robe-longue-bretelles-a-dentelles-s26-femme-navy-jacquard","status":"publish","type":"product","link":"https:\/\/streetmarkets.fr\/app\/produit\/robe-longue-bretelles-a-dentelles-s26-femme-navy-jacquard\/","title":{"rendered":"Robe Longue Bretelles \u00e0 Dentelles (S26\/ FEMME\/ Navy jacquard)"},"content":{"rendered":"<p>Une silhouette d&#8217;une \u00e9l\u00e9gance absolue pour cette robe longue confectionn\u00e9e en satin de soie. Elle se distingue par son raffinement ultime gr\u00e2ce \u00e0 des d\u00e9coupes en dentelle d\u00e9licate qui subliment le d\u00e9collet\u00e9 et soulignent la taille avec une grande f\u00e9minit\u00e9.<\/p>\n<p>&#8211; Robe longue \u00e0 fines bretelles<br \/>\n<br \/>&#8211; D\u00e9collet\u00e9 en V orn\u00e9 de dentelle<br \/>\n<br \/>&#8211; D\u00e9coupes en dentelle \u00e0 la taille<br \/>\n<br \/>&#8211; Coupe slim<br \/>\n<br \/>&#8211; 100% soie<\/p>\n","protected":false},"excerpt":{"rendered":"<p>Une silhouette d&#8217;une \u00e9l\u00e9gance absolue pour cette robe longue confectionn\u00e9e en satin de soie. Elle se distingue par son raffinement ultime gr\u00e2ce \u00e0 des d\u00e9coupes en dentelle d\u00e9licate qui subliment le d\u00e9collet\u00e9 et soulignent la taille avec une grande f\u00e9minit\u00e9. &#8211; Robe longue \u00e0 fines bretelles &#8211; D\u00e9collet\u00e9 en V orn\u00e9 de dentelle &#8211; D\u00e9coupes [&hellip;]<\/p>\n","protected":false},"featured_media":3686582,"comment_status":"open","ping_status":"closed","template":"","meta":[],"product_brand":[6868],"product_cat":[],"product_tag":[],"acf":[],"_links":{"self":[{"href":"https:\/\/streetmarkets.fr\/app\/wp-json\/wp\/v2\/product\/3686581"}],"collection":[{"href":"https:\/\/streetmarkets.fr\/app\/wp-json\/wp\/v2\/product"}],"about":[{"href":"https:\/\/streetmarkets.fr\/app\/wp-json\/wp\/v2\/types\/product"}],"replies":[{"embeddable":true,"href":"https:\/\/streetmarkets.fr\/app\/wp-json\/wp\/v2\/comments?post=3686581"}],"wp:featuredmedia":[{"embeddable":true,"href":"https:\/\/streetmarkets.fr\/app\/wp-json\/wp\/v2\/media\/3686582"}],"wp:attachment":[{"href":"https:\/\/streetmarkets.fr\/app\/wp-json\/wp\/v2\/media?parent=3686581"}],"wp:term":[{"taxonomy":"product_brand","embeddable":true,"href":"https:\/\/streetmarkets.fr\/app\/wp-json\/wp\/v2\/product_brand?post=3686581"},{"taxonomy":"product_cat","embeddable":true,"href":"https:\/\/streetmarkets.fr\/app\/wp-json\/wp\/v2\/product_cat?post=3686581"},{"taxonomy":"product_tag","embeddable":true,"href":"https:\/\/streetmarkets.fr\/app\/wp-json\/wp\/v2\/product_tag?post=3686581"}],"curies":[{"name":"wp","href":"https:\/\/api.w.org\/{rel}","templated":true}]}}