{"id":3685020,"date":"2026-02-26T19:05:41","date_gmt":"2026-02-26T18:05:41","guid":{"rendered":"https:\/\/streetmarkets.fr\/app\/produit\/mocassins-en-cuir-bexley-taille-425\/"},"modified":"2026-05-09T20:05:45","modified_gmt":"2026-05-09T18:05:45","slug":"mocassins-en-cuir-bexley-taille-425","status":"publish","type":"product","link":"https:\/\/streetmarkets.fr\/app\/produit\/mocassins-en-cuir-bexley-taille-425\/","title":{"rendered":"Mocassins en cuir Bexley \u2022 taille 42,5"},"content":{"rendered":"<p><span>Mocassins \u00e0 gland en cuir mod\u00e8le Picadilly de Bexley. <br \/>Fabriqu\u00e9 au Portugal.<\/span><\/p>\n<p>Marque : Bexley<br \/>Composition : cuir<\/p>\n<p><span>Taille 42 1\/2<\/span><\/p>\n<p>Etat : tr\u00e8s bon. <br \/>Merci de noter que les v\u00eatements ne sont pas neufs et qu\u2019ils peuvent porter l&#8217;usure d&#8217;une pi\u00e8ce de seconde main.<\/p>\n<p>Pour plus d&#8217;informations : <a href=\"https:\/\/uniselection.fr\/pages\/contactez-nous\" title=\"Contactez-nous\">contactez-nous<\/a>.<\/p>\n","protected":false},"excerpt":{"rendered":"<p>Mocassins \u00e0 gland en cuir mod\u00e8le Picadilly de Bexley. Fabriqu\u00e9 au Portugal. Marque : BexleyComposition : cuir Taille 42 1\/2 Etat : tr\u00e8s bon. Merci de noter que les v\u00eatements ne sont pas neufs et qu\u2019ils peuvent porter l&#8217;usure d&#8217;une pi\u00e8ce de seconde main. Pour plus d&#8217;informations : contactez-nous.<\/p>\n","protected":false},"featured_media":3685021,"comment_status":"open","ping_status":"closed","template":"","meta":[],"product_brand":[],"product_cat":[],"product_tag":[],"acf":[],"_links":{"self":[{"href":"https:\/\/streetmarkets.fr\/app\/wp-json\/wp\/v2\/product\/3685020"}],"collection":[{"href":"https:\/\/streetmarkets.fr\/app\/wp-json\/wp\/v2\/product"}],"about":[{"href":"https:\/\/streetmarkets.fr\/app\/wp-json\/wp\/v2\/types\/product"}],"replies":[{"embeddable":true,"href":"https:\/\/streetmarkets.fr\/app\/wp-json\/wp\/v2\/comments?post=3685020"}],"wp:featuredmedia":[{"embeddable":true,"href":"https:\/\/streetmarkets.fr\/app\/wp-json\/wp\/v2\/media\/3685021"}],"wp:attachment":[{"href":"https:\/\/streetmarkets.fr\/app\/wp-json\/wp\/v2\/media?parent=3685020"}],"wp:term":[{"taxonomy":"product_brand","embeddable":true,"href":"https:\/\/streetmarkets.fr\/app\/wp-json\/wp\/v2\/product_brand?post=3685020"},{"taxonomy":"product_cat","embeddable":true,"href":"https:\/\/streetmarkets.fr\/app\/wp-json\/wp\/v2\/product_cat?post=3685020"},{"taxonomy":"product_tag","embeddable":true,"href":"https:\/\/streetmarkets.fr\/app\/wp-json\/wp\/v2\/product_tag?post=3685020"}],"curies":[{"name":"wp","href":"https:\/\/api.w.org\/{rel}","templated":true}]}}