{"id":3684978,"date":"2026-02-26T19:05:39","date_gmt":"2026-02-26T18:05:39","guid":{"rendered":"https:\/\/streetmarkets.fr\/app\/produit\/trench-beige-burberrys-vintage-taille-56-l\/"},"modified":"2026-05-07T20:05:48","modified_gmt":"2026-05-07T18:05:48","slug":"trench-beige-burberrys-vintage-taille-56-l","status":"publish","type":"product","link":"https:\/\/streetmarkets.fr\/app\/produit\/trench-beige-burberrys-vintage-taille-56-l\/","title":{"rendered":"Trench beige Burberrys&#8217; vintage \u2022 Taille 56\/L"},"content":{"rendered":"<p class=\"_p_ua7qq_109\"><span>Trench beige en coton Burberry&#8217;s Waterloo vintage, double boutonnage avec ceinture,doublure \u00e0 carreaux signature,<br \/>fabriqu\u00e9 en Angleterre.<\/span><\/p>\n<p class=\"_p_ua7qq_109\"><span>Marque : Burberry&#8217;s<br \/>Composition : 100% coton (gabardine)<\/span><\/p>\n<p>Taille indiqu\u00e9e : 56<br \/>Taille estim\u00e9e : convient \u00e0 du M au XL pour un port\u00e9 ample ou ajust\u00e9<br \/>Manches raglan (du col au poignet, cm) : 79<br \/>Poitrine (cm) : 60<br \/>Longueur dos (cm) : 113<br \/>Longueur manche, aisselle \u00e0 poignet (cm) : 44<\/p>\n<p>Tr\u00e8s bon \u00e9tat.<br \/>Merci de noter que les v\u00eatements ne sont pas neufs et qu\u2019ils peuvent porter l&#8217;usure d&#8217;une pi\u00e8ce de seconde main.<\/p>\n<p>Pour plus d&#8217;informations :<span>\u00a0<\/span><a title=\"Contactez-nous\" href=\"https:\/\/uniselection.fr\/pages\/contactez-nous\">contactez-nous<\/a>.<\/p>\n","protected":false},"excerpt":{"rendered":"<p>Trench beige en coton Burberry&#8217;s Waterloo vintage, double boutonnage avec ceinture,doublure \u00e0 carreaux signature,fabriqu\u00e9 en Angleterre. Marque : Burberry&#8217;sComposition : 100% coton (gabardine) Taille indiqu\u00e9e : 56Taille estim\u00e9e : convient \u00e0 du M au XL pour un port\u00e9 ample ou ajust\u00e9Manches raglan (du col au poignet, cm) : 79Poitrine (cm) : 60Longueur dos (cm) : [&hellip;]<\/p>\n","protected":false},"featured_media":3684979,"comment_status":"open","ping_status":"closed","template":"","meta":[],"product_brand":[],"product_cat":[],"product_tag":[],"acf":[],"_links":{"self":[{"href":"https:\/\/streetmarkets.fr\/app\/wp-json\/wp\/v2\/product\/3684978"}],"collection":[{"href":"https:\/\/streetmarkets.fr\/app\/wp-json\/wp\/v2\/product"}],"about":[{"href":"https:\/\/streetmarkets.fr\/app\/wp-json\/wp\/v2\/types\/product"}],"replies":[{"embeddable":true,"href":"https:\/\/streetmarkets.fr\/app\/wp-json\/wp\/v2\/comments?post=3684978"}],"wp:featuredmedia":[{"embeddable":true,"href":"https:\/\/streetmarkets.fr\/app\/wp-json\/wp\/v2\/media\/3684979"}],"wp:attachment":[{"href":"https:\/\/streetmarkets.fr\/app\/wp-json\/wp\/v2\/media?parent=3684978"}],"wp:term":[{"taxonomy":"product_brand","embeddable":true,"href":"https:\/\/streetmarkets.fr\/app\/wp-json\/wp\/v2\/product_brand?post=3684978"},{"taxonomy":"product_cat","embeddable":true,"href":"https:\/\/streetmarkets.fr\/app\/wp-json\/wp\/v2\/product_cat?post=3684978"},{"taxonomy":"product_tag","embeddable":true,"href":"https:\/\/streetmarkets.fr\/app\/wp-json\/wp\/v2\/product_tag?post=3684978"}],"curies":[{"name":"wp","href":"https:\/\/api.w.org\/{rel}","templated":true}]}}