{"id":3680040,"date":"2026-02-26T00:55:31","date_gmt":"2026-02-25T23:55:31","guid":{"rendered":"https:\/\/streetmarkets.fr\/app\/produit\/merrell-moab-speed-2-alloy-black\/"},"modified":"2026-05-15T01:58:52","modified_gmt":"2026-05-14T23:58:52","slug":"merrell-moab-speed-2-alloy-black","status":"publish","type":"product","link":"https:\/\/streetmarkets.fr\/app\/produit\/merrell-moab-speed-2-alloy-black\/","title":{"rendered":"MERRELL MOAB SPEED 2 Alloy Black"},"content":{"rendered":"<p><strong>Cr\u00e9ateur :<\/strong> Merrell<\/p>\n<p><strong>R\u00e9alisation : <\/strong>La Moab Speed 2 Vent 2K est une chaussure de trail l\u00e9g\u00e8re et respectueuse du bien-\u00eatre animale, dot\u00e9e d\u2019un talon en caoutchouc r\u00e9sistant \u00e0 l&rsquo;abrasion, d\u2019un embout de protection, de la semelle interm\u00e9diaire en mousse FloatPro\u2122 pour un confort l\u00e9ger et de la semelle ext\u00e9rieure Vibram TC5+ pour une adh\u00e9rence professionnelle. Une doublure en mesh et une assise plantaire respirantes gardent vos pieds au frais, et la technologie NXT Cleansport permet un contr\u00f4le naturel des odeurs.<\/p>\n<p>Tige respirante en mesh, mati\u00e8re synth\u00e9tique et TPU<br \/>\n\u2022 Lacets et toile 100 % recycl\u00e9s<br \/>\n\u2022 Arri\u00e8re et embout de protection en caoutchouc r\u00e9sistant \u00e0 l&rsquo;abrasion<br \/>\n\u2022 Doublure respirante en mesh 100 % recycl\u00e9<br \/>\n\u2022 Assise plantaire recouverte de mesh 100 % recycl\u00e9<br \/>\n\u2022 Traitement Cleansport NXT pour un contr\u00f4le naturel des odeurs<br \/>\n\u2022 Assise plantaire amovible en PU<br \/>\n\u2022 Plaque de protection<br \/>\n\u2022 Semelle interm\u00e9diaire en mousse FloatPro\u2122 pour un confort l\u00e9ger et durable<br \/>\n\u2022 La semelle ext\u00e9rieure Vibram TC5+ offre une traction exceptionnelle pour les activit\u00e9s multi-sports de plein air, exclusivement formul\u00e9e par Merrell<\/p>\n<p><em><span class=\"Y2IQFc\" lang=\"en\">The Moab Speed \u200b\u200b2 Vent 2K is a lightweight, animal-friendly trail shoe featuring an abrasion-resistant rubber heel, a protective toe cap, a FloatPro\u2122 foam midsole for lightweight comfort, and a Vibram TC5+ outsole for professional traction. A breathable mesh lining and footbed keep your feet cool, and NXT Cleansport technology provides natural odor control. Breathable mesh, synthetic, and TPU upper \u2022 100% recycled laces and canvas \u2022 Abrasion-resistant rubber toe cap and back panel \u2022 100% recycled breathable mesh lining \u2022 100% recycled mesh-covered footbed \u2022 Cleansport NXT treatment for natural odor control \u2022 Removable PU footbed \u2022 Protective plate \u2022 FloatPro\u2122 foam midsole for lightweight, durable comfort \u2022 Vibram TC5+ outsole provides exceptional traction for multi-sport outdoor activities, exclusively formulated by Merrell<\/span><\/em><\/p>\n","protected":false},"excerpt":{"rendered":"<p>Cr\u00e9ateur : Merrell R\u00e9alisation : La Moab Speed 2 Vent 2K est une chaussure de trail l\u00e9g\u00e8re et respectueuse du bien-\u00eatre animale, dot\u00e9e d\u2019un talon en caoutchouc r\u00e9sistant \u00e0 l&rsquo;abrasion, d\u2019un embout de protection, de la semelle interm\u00e9diaire en mousse FloatPro\u2122 pour un confort l\u00e9ger et de la semelle ext\u00e9rieure Vibram TC5+ pour une adh\u00e9rence [&hellip;]<\/p>\n","protected":false},"featured_media":3680041,"comment_status":"open","ping_status":"closed","template":"","meta":[],"product_brand":[],"product_cat":[],"product_tag":[],"acf":[],"_links":{"self":[{"href":"https:\/\/streetmarkets.fr\/app\/wp-json\/wp\/v2\/product\/3680040"}],"collection":[{"href":"https:\/\/streetmarkets.fr\/app\/wp-json\/wp\/v2\/product"}],"about":[{"href":"https:\/\/streetmarkets.fr\/app\/wp-json\/wp\/v2\/types\/product"}],"replies":[{"embeddable":true,"href":"https:\/\/streetmarkets.fr\/app\/wp-json\/wp\/v2\/comments?post=3680040"}],"wp:featuredmedia":[{"embeddable":true,"href":"https:\/\/streetmarkets.fr\/app\/wp-json\/wp\/v2\/media\/3680041"}],"wp:attachment":[{"href":"https:\/\/streetmarkets.fr\/app\/wp-json\/wp\/v2\/media?parent=3680040"}],"wp:term":[{"taxonomy":"product_brand","embeddable":true,"href":"https:\/\/streetmarkets.fr\/app\/wp-json\/wp\/v2\/product_brand?post=3680040"},{"taxonomy":"product_cat","embeddable":true,"href":"https:\/\/streetmarkets.fr\/app\/wp-json\/wp\/v2\/product_cat?post=3680040"},{"taxonomy":"product_tag","embeddable":true,"href":"https:\/\/streetmarkets.fr\/app\/wp-json\/wp\/v2\/product_tag?post=3680040"}],"curies":[{"name":"wp","href":"https:\/\/api.w.org\/{rel}","templated":true}]}}