{"id":3674663,"date":"2026-02-25T01:01:10","date_gmt":"2026-02-25T00:01:10","guid":{"rendered":"https:\/\/streetmarkets.fr\/app\/produit\/universal-works-military-chino-ospina-cotton-dark-navy\/"},"modified":"2026-05-09T02:01:55","modified_gmt":"2026-05-09T00:01:55","slug":"universal-works-military-chino-ospina-cotton-dark-navy","status":"publish","type":"product","link":"https:\/\/streetmarkets.fr\/app\/produit\/universal-works-military-chino-ospina-cotton-dark-navy\/","title":{"rendered":"UNIVERSAL WORKS MILITARY Chino Ospina cotton Dark navy"},"content":{"rendered":"<p><b>Cr\u00e9ateur :<\/b> Universal Works<\/p>\n<p><b>R\u00e9alisation : <\/b>Pantalon chino militaire. Coupe confortable et ample au niveau des hanches et des cuisses. Bas de jambe fusel\u00e9 jusqu\u2019\u00e0 l\u2019ourlet. Taille mi-haute, braguette boutonn\u00e9e, deux poches avant, deux poches arri\u00e8re passepoil\u00e9es boutonn\u00e9es.<\/p>\n<p>65% recycled cotton, 25 % recycled polyester, 5 % viscose, 1 % other fibres<\/p>\n<p>Code produit : 34139<\/p>\n<p><em><span class=\"Y2IQFc\" lang=\"en\"><strong>Detail : <\/strong><\/span><span class=\"Y2IQFc\" lang=\"en\">Military chino trousers. Comfortable, loose fit through the hips and thighs. Tapered leg to the hem. Mid-rise waist, button fly, two front pockets, two buttoned welt back pockets.<\/span><\/em><\/p>\n","protected":false},"excerpt":{"rendered":"<p>Cr\u00e9ateur : Universal Works R\u00e9alisation : Pantalon chino militaire. Coupe confortable et ample au niveau des hanches et des cuisses. Bas de jambe fusel\u00e9 jusqu\u2019\u00e0 l\u2019ourlet. Taille mi-haute, braguette boutonn\u00e9e, deux poches avant, deux poches arri\u00e8re passepoil\u00e9es boutonn\u00e9es. 65% recycled cotton, 25 % recycled polyester, 5 % viscose, 1 % other fibres Code produit : [&hellip;]<\/p>\n","protected":false},"featured_media":3674664,"comment_status":"open","ping_status":"closed","template":"","meta":[],"product_brand":[],"product_cat":[],"product_tag":[],"acf":[],"_links":{"self":[{"href":"https:\/\/streetmarkets.fr\/app\/wp-json\/wp\/v2\/product\/3674663"}],"collection":[{"href":"https:\/\/streetmarkets.fr\/app\/wp-json\/wp\/v2\/product"}],"about":[{"href":"https:\/\/streetmarkets.fr\/app\/wp-json\/wp\/v2\/types\/product"}],"replies":[{"embeddable":true,"href":"https:\/\/streetmarkets.fr\/app\/wp-json\/wp\/v2\/comments?post=3674663"}],"wp:featuredmedia":[{"embeddable":true,"href":"https:\/\/streetmarkets.fr\/app\/wp-json\/wp\/v2\/media\/3674664"}],"wp:attachment":[{"href":"https:\/\/streetmarkets.fr\/app\/wp-json\/wp\/v2\/media?parent=3674663"}],"wp:term":[{"taxonomy":"product_brand","embeddable":true,"href":"https:\/\/streetmarkets.fr\/app\/wp-json\/wp\/v2\/product_brand?post=3674663"},{"taxonomy":"product_cat","embeddable":true,"href":"https:\/\/streetmarkets.fr\/app\/wp-json\/wp\/v2\/product_cat?post=3674663"},{"taxonomy":"product_tag","embeddable":true,"href":"https:\/\/streetmarkets.fr\/app\/wp-json\/wp\/v2\/product_tag?post=3674663"}],"curies":[{"name":"wp","href":"https:\/\/api.w.org\/{rel}","templated":true}]}}