{"id":3674653,"date":"2026-02-25T01:01:09","date_gmt":"2026-02-25T00:01:09","guid":{"rendered":"https:\/\/streetmarkets.fr\/app\/produit\/universal-works-pleated-track-pant-recycled-polytech-sand\/"},"modified":"2026-05-09T02:01:55","modified_gmt":"2026-05-09T00:01:55","slug":"universal-works-pleated-track-pant-recycled-polytech-sand","status":"publish","type":"product","link":"https:\/\/streetmarkets.fr\/app\/produit\/universal-works-pleated-track-pant-recycled-polytech-sand\/","title":{"rendered":"UNIVERSAL WORKS PLEATED Track pant recycled Polytech Sand"},"content":{"rendered":"<p><b>Cr\u00e9ateur :<\/b> Universal Works<\/p>\n<p><b>R\u00e9alisation : <\/b><span class=\"Y2IQFc\" lang=\"fr\">Pantalon c<\/span><span class=\"Y2IQFc\" lang=\"fr\">oupe ample. Taille \u00e9lastiqu\u00e9e avec cordon de serrage. Pli simple devant. Jambe fusel\u00e9e. Deux poches avant avec poche ticket int\u00e9rieure. Deux poches arri\u00e8re\u00a0: \u00e0 rabat boutonn\u00e9 et passepoil\u00e9 boutonn\u00e9. Braguette boutonn\u00e9e.<\/span><\/p>\n<p>65% recycled polyester, 35 % cotton<\/p>\n<p>Code produit : 34143<\/p>\n<p><em><span class=\"Y2IQFc\" lang=\"en\"><strong>Detail : <\/strong><\/span><span class=\"Y2IQFc\" lang=\"en\">Wide-leg trousers. Elasticated waist with drawstring. Single pleat at the front. Tapered leg. Two front pockets with an internal ticket pocket. Two back pockets: one with a buttoned flap and the other with a buttoned welt. Button fly.<\/span><\/em><\/p>\n","protected":false},"excerpt":{"rendered":"<p>Cr\u00e9ateur : Universal Works R\u00e9alisation : Pantalon coupe ample. Taille \u00e9lastiqu\u00e9e avec cordon de serrage. Pli simple devant. Jambe fusel\u00e9e. Deux poches avant avec poche ticket int\u00e9rieure. Deux poches arri\u00e8re\u00a0: \u00e0 rabat boutonn\u00e9 et passepoil\u00e9 boutonn\u00e9. Braguette boutonn\u00e9e. 65% recycled polyester, 35 % cotton Code produit : 34143 Detail : Wide-leg trousers. Elasticated waist with [&hellip;]<\/p>\n","protected":false},"featured_media":3674654,"comment_status":"open","ping_status":"closed","template":"","meta":[],"product_brand":[],"product_cat":[],"product_tag":[],"acf":[],"_links":{"self":[{"href":"https:\/\/streetmarkets.fr\/app\/wp-json\/wp\/v2\/product\/3674653"}],"collection":[{"href":"https:\/\/streetmarkets.fr\/app\/wp-json\/wp\/v2\/product"}],"about":[{"href":"https:\/\/streetmarkets.fr\/app\/wp-json\/wp\/v2\/types\/product"}],"replies":[{"embeddable":true,"href":"https:\/\/streetmarkets.fr\/app\/wp-json\/wp\/v2\/comments?post=3674653"}],"wp:featuredmedia":[{"embeddable":true,"href":"https:\/\/streetmarkets.fr\/app\/wp-json\/wp\/v2\/media\/3674654"}],"wp:attachment":[{"href":"https:\/\/streetmarkets.fr\/app\/wp-json\/wp\/v2\/media?parent=3674653"}],"wp:term":[{"taxonomy":"product_brand","embeddable":true,"href":"https:\/\/streetmarkets.fr\/app\/wp-json\/wp\/v2\/product_brand?post=3674653"},{"taxonomy":"product_cat","embeddable":true,"href":"https:\/\/streetmarkets.fr\/app\/wp-json\/wp\/v2\/product_cat?post=3674653"},{"taxonomy":"product_tag","embeddable":true,"href":"https:\/\/streetmarkets.fr\/app\/wp-json\/wp\/v2\/product_tag?post=3674653"}],"curies":[{"name":"wp","href":"https:\/\/api.w.org\/{rel}","templated":true}]}}