{"id":3669330,"date":"2026-02-24T01:18:11","date_gmt":"2026-02-24T00:18:11","guid":{"rendered":"https:\/\/streetmarkets.fr\/app\/produit\/pull-gilet-bicolore-broderie-ff-s26-homme-noir\/"},"modified":"2026-05-08T01:58:15","modified_gmt":"2026-05-07T23:58:15","slug":"pull-gilet-bicolore-broderie-ff-s26-homme-noir","status":"publish","type":"product","link":"https:\/\/streetmarkets.fr\/app\/produit\/pull-gilet-bicolore-broderie-ff-s26-homme-noir\/","title":{"rendered":"Pull Gilet Bicolore Broderie &#8220;FF&#8221; (S26\/ HOMME\/ Noir \/ RWS)"},"content":{"rendered":"<p>Avec sa maille structur\u00e9e bicolore et sa coupe oversize, il apporte un volume tendance \u00e0 votre look. Confort optimal gr\u00e2ce \u00e0 la laine m\u00e9rinos extra fine et signature premium avec le logo Double F brod\u00e9.<\/p>\n<p>&#8211; Gilet zipp\u00e9 bicolore pour homme <br \/>&#8211; Fermeture par zip m\u00e9tallique <br \/>&#8211; Col Chemise c\u00f4tel\u00e9 <br \/>&#8211; Logo double F brod\u00e9 <br \/>&#8211; Coupe oversize <br \/>&#8211; Laine m\u00e9rinos extra fine 4 fils certifi\u00e9e RWS\u00a0<br \/>&#8211; Laine m\u00e9rinos extra fine d&#8217;Australie : respirante et thermor\u00e9gulatrice, elle peut \u00eatre port\u00e9e \u00e9t\u00e9 comme hiver.<\/p>\n","protected":false},"excerpt":{"rendered":"<p>Avec sa maille structur\u00e9e bicolore et sa coupe oversize, il apporte un volume tendance \u00e0 votre look. Confort optimal gr\u00e2ce \u00e0 la laine m\u00e9rinos extra fine et signature premium avec le logo Double F brod\u00e9. &#8211; Gilet zipp\u00e9 bicolore pour homme &#8211; Fermeture par zip m\u00e9tallique &#8211; Col Chemise c\u00f4tel\u00e9 &#8211; Logo double F brod\u00e9 [&hellip;]<\/p>\n","protected":false},"featured_media":3669331,"comment_status":"open","ping_status":"closed","template":"","meta":[],"product_brand":[6868],"product_cat":[],"product_tag":[],"acf":[],"_links":{"self":[{"href":"https:\/\/streetmarkets.fr\/app\/wp-json\/wp\/v2\/product\/3669330"}],"collection":[{"href":"https:\/\/streetmarkets.fr\/app\/wp-json\/wp\/v2\/product"}],"about":[{"href":"https:\/\/streetmarkets.fr\/app\/wp-json\/wp\/v2\/types\/product"}],"replies":[{"embeddable":true,"href":"https:\/\/streetmarkets.fr\/app\/wp-json\/wp\/v2\/comments?post=3669330"}],"wp:featuredmedia":[{"embeddable":true,"href":"https:\/\/streetmarkets.fr\/app\/wp-json\/wp\/v2\/media\/3669331"}],"wp:attachment":[{"href":"https:\/\/streetmarkets.fr\/app\/wp-json\/wp\/v2\/media?parent=3669330"}],"wp:term":[{"taxonomy":"product_brand","embeddable":true,"href":"https:\/\/streetmarkets.fr\/app\/wp-json\/wp\/v2\/product_brand?post=3669330"},{"taxonomy":"product_cat","embeddable":true,"href":"https:\/\/streetmarkets.fr\/app\/wp-json\/wp\/v2\/product_cat?post=3669330"},{"taxonomy":"product_tag","embeddable":true,"href":"https:\/\/streetmarkets.fr\/app\/wp-json\/wp\/v2\/product_tag?post=3669330"}],"curies":[{"name":"wp","href":"https:\/\/api.w.org\/{rel}","templated":true}]}}