{"id":3669292,"date":"2026-02-24T01:18:07","date_gmt":"2026-02-24T00:18:07","guid":{"rendered":"https:\/\/streetmarkets.fr\/app\/produit\/pull-cardigan-en-mohair-s26-femme-chocolat\/"},"modified":"2026-05-15T01:56:48","modified_gmt":"2026-05-14T23:56:48","slug":"pull-cardigan-en-mohair-s26-femme-chocolat","status":"publish","type":"product","link":"https:\/\/streetmarkets.fr\/app\/produit\/pull-cardigan-en-mohair-s26-femme-chocolat\/","title":{"rendered":"Pull Cardigan en Mohair (S26\/ FEMME\/ Chocolat)"},"content":{"rendered":"<p>Une pi\u00e8ce vaporeuse et color\u00e9e qui apporte une touche de douceur et de modernit\u00e9 \u00e0 votre silhouette. Ce pull cardigan se distingue par son aspect duveteux et sa maille l\u00e9g\u00e8re, id\u00e9ale pour r\u00e9chauffer vos tenues de saison avec style.<\/p>\n<p>&#8211; Pull cardigan \u00e0 l&#8217;aspect duveteux<br \/>\n<br \/>&#8211; Col V<br \/>\n<br \/>&#8211; Coupe oversize et court<br \/>\n<br \/>&#8211; M\u00e9lange de mohair et fibre technique pour assurer la tenue et la long\u00e9vit\u00e9 de la maille<br \/>\n<br \/>&#8211; 53% mohair 47% polyamide<\/p>\n","protected":false},"excerpt":{"rendered":"<p>Une pi\u00e8ce vaporeuse et color\u00e9e qui apporte une touche de douceur et de modernit\u00e9 \u00e0 votre silhouette. Ce pull cardigan se distingue par son aspect duveteux et sa maille l\u00e9g\u00e8re, id\u00e9ale pour r\u00e9chauffer vos tenues de saison avec style. &#8211; Pull cardigan \u00e0 l&#8217;aspect duveteux &#8211; Col V &#8211; Coupe oversize et court &#8211; M\u00e9lange [&hellip;]<\/p>\n","protected":false},"featured_media":3669293,"comment_status":"open","ping_status":"closed","template":"","meta":[],"product_brand":[6868],"product_cat":[],"product_tag":[],"acf":[],"_links":{"self":[{"href":"https:\/\/streetmarkets.fr\/app\/wp-json\/wp\/v2\/product\/3669292"}],"collection":[{"href":"https:\/\/streetmarkets.fr\/app\/wp-json\/wp\/v2\/product"}],"about":[{"href":"https:\/\/streetmarkets.fr\/app\/wp-json\/wp\/v2\/types\/product"}],"replies":[{"embeddable":true,"href":"https:\/\/streetmarkets.fr\/app\/wp-json\/wp\/v2\/comments?post=3669292"}],"wp:featuredmedia":[{"embeddable":true,"href":"https:\/\/streetmarkets.fr\/app\/wp-json\/wp\/v2\/media\/3669293"}],"wp:attachment":[{"href":"https:\/\/streetmarkets.fr\/app\/wp-json\/wp\/v2\/media?parent=3669292"}],"wp:term":[{"taxonomy":"product_brand","embeddable":true,"href":"https:\/\/streetmarkets.fr\/app\/wp-json\/wp\/v2\/product_brand?post=3669292"},{"taxonomy":"product_cat","embeddable":true,"href":"https:\/\/streetmarkets.fr\/app\/wp-json\/wp\/v2\/product_cat?post=3669292"},{"taxonomy":"product_tag","embeddable":true,"href":"https:\/\/streetmarkets.fr\/app\/wp-json\/wp\/v2\/product_tag?post=3669292"}],"curies":[{"name":"wp","href":"https:\/\/api.w.org\/{rel}","templated":true}]}}