{"id":3669257,"date":"2026-02-24T01:18:03","date_gmt":"2026-02-24T00:18:03","guid":{"rendered":"https:\/\/streetmarkets.fr\/app\/produit\/pull-cardigan-a-liseres-contrastes-s26-femme-navy\/"},"modified":"2026-05-06T01:55:02","modified_gmt":"2026-05-05T23:55:02","slug":"pull-cardigan-a-liseres-contrastes-s26-femme-navy","status":"publish","type":"product","link":"https:\/\/streetmarkets.fr\/app\/produit\/pull-cardigan-a-liseres-contrastes-s26-femme-navy\/","title":{"rendered":"Pull Cardigan \u00e0 Liser\u00e9s Contrast\u00e9s (S26\/ FEMME\/ Navy \/ RWS)"},"content":{"rendered":"<p>Une allure chic et structur\u00e9e pour ce pull cardigan confectionn\u00e9 en laine m\u00e9rinos. Il se distingue par ses liser\u00e9s contrast\u00e9s qui soulignent l&#8217;encolure et la patte de boutonnage, offrant une silhouette moderne et \u00e9l\u00e9gante pour la saison.<\/p>\n<p>&#8211; Pull cardigan en 100% laine m\u00e9rinos certifi\u00e9e RWS (Responsible Wool Standard)<br \/>\n<br \/>&#8211; Col en V<br \/>\n<br \/>&#8211; Liser\u00e9s contrast\u00e9s \u00e0 l&#8217;encolure et sur la patte de boutonnage<br \/>\n<br \/>&#8211; Coupe regular<br \/>\n<br \/>&#8211; Laine m\u00e9rinos d&#8217;Australie : respirante et thermor\u00e9gulatrice, elle peut \u00eatre port\u00e9e \u00e9t\u00e9 comme hiver.<\/p>\n","protected":false},"excerpt":{"rendered":"<p>Une allure chic et structur\u00e9e pour ce pull cardigan confectionn\u00e9 en laine m\u00e9rinos. Il se distingue par ses liser\u00e9s contrast\u00e9s qui soulignent l&#8217;encolure et la patte de boutonnage, offrant une silhouette moderne et \u00e9l\u00e9gante pour la saison. &#8211; Pull cardigan en 100% laine m\u00e9rinos certifi\u00e9e RWS (Responsible Wool Standard) &#8211; Col en V &#8211; Liser\u00e9s [&hellip;]<\/p>\n","protected":false},"featured_media":3669258,"comment_status":"open","ping_status":"closed","template":"","meta":[],"product_brand":[6868],"product_cat":[],"product_tag":[],"acf":[],"_links":{"self":[{"href":"https:\/\/streetmarkets.fr\/app\/wp-json\/wp\/v2\/product\/3669257"}],"collection":[{"href":"https:\/\/streetmarkets.fr\/app\/wp-json\/wp\/v2\/product"}],"about":[{"href":"https:\/\/streetmarkets.fr\/app\/wp-json\/wp\/v2\/types\/product"}],"replies":[{"embeddable":true,"href":"https:\/\/streetmarkets.fr\/app\/wp-json\/wp\/v2\/comments?post=3669257"}],"wp:featuredmedia":[{"embeddable":true,"href":"https:\/\/streetmarkets.fr\/app\/wp-json\/wp\/v2\/media\/3669258"}],"wp:attachment":[{"href":"https:\/\/streetmarkets.fr\/app\/wp-json\/wp\/v2\/media?parent=3669257"}],"wp:term":[{"taxonomy":"product_brand","embeddable":true,"href":"https:\/\/streetmarkets.fr\/app\/wp-json\/wp\/v2\/product_brand?post=3669257"},{"taxonomy":"product_cat","embeddable":true,"href":"https:\/\/streetmarkets.fr\/app\/wp-json\/wp\/v2\/product_cat?post=3669257"},{"taxonomy":"product_tag","embeddable":true,"href":"https:\/\/streetmarkets.fr\/app\/wp-json\/wp\/v2\/product_tag?post=3669257"}],"curies":[{"name":"wp","href":"https:\/\/api.w.org\/{rel}","templated":true}]}}