{"id":3669213,"date":"2026-02-24T01:17:45","date_gmt":"2026-02-24T00:17:45","guid":{"rendered":"https:\/\/streetmarkets.fr\/app\/produit\/combinaison-pantalon-s26-femme-passion-bloom-lily\/"},"modified":"2026-05-13T01:40:13","modified_gmt":"2026-05-12T23:40:13","slug":"combinaison-pantalon-s26-femme-passion-bloom-lily","status":"publish","type":"product","link":"https:\/\/streetmarkets.fr\/app\/produit\/combinaison-pantalon-s26-femme-passion-bloom-lily\/","title":{"rendered":"Combinaison Pantalon (S26\/ FEMME\/ Passion Bloom Lily)"},"content":{"rendered":"<p>La pi\u00e8ce ma\u00eetresse de votre \u00e9t\u00e9. Confectionn\u00e9e en Mousseline de Viscose, cette combinaison longue et fluide offre un confort absolu. Sa ceinture \u00e0 nouer \u00e0 la taille dessinent une silhouette \u00e9l\u00e9gante et d\u00e9contract\u00e9e.<\/p>\n<p>&#8211; Combinaison pantalon pour femme <br \/>&#8211; Mati\u00e8re : 100% Viscose (Mousseline de viscose) <br \/>&#8211; Col chemise et manches longues <br \/>&#8211; Lien \u00e0 la taille <br \/>&#8211; Coupe regular<\/p>\n","protected":false},"excerpt":{"rendered":"<p>La pi\u00e8ce ma\u00eetresse de votre \u00e9t\u00e9. Confectionn\u00e9e en Mousseline de Viscose, cette combinaison longue et fluide offre un confort absolu. Sa ceinture \u00e0 nouer \u00e0 la taille dessinent une silhouette \u00e9l\u00e9gante et d\u00e9contract\u00e9e. &#8211; Combinaison pantalon pour femme &#8211; Mati\u00e8re : 100% Viscose (Mousseline de viscose) &#8211; Col chemise et manches longues &#8211; Lien \u00e0 [&hellip;]<\/p>\n","protected":false},"featured_media":3669214,"comment_status":"open","ping_status":"closed","template":"","meta":[],"product_brand":[6868],"product_cat":[],"product_tag":[],"acf":[],"_links":{"self":[{"href":"https:\/\/streetmarkets.fr\/app\/wp-json\/wp\/v2\/product\/3669213"}],"collection":[{"href":"https:\/\/streetmarkets.fr\/app\/wp-json\/wp\/v2\/product"}],"about":[{"href":"https:\/\/streetmarkets.fr\/app\/wp-json\/wp\/v2\/types\/product"}],"replies":[{"embeddable":true,"href":"https:\/\/streetmarkets.fr\/app\/wp-json\/wp\/v2\/comments?post=3669213"}],"wp:featuredmedia":[{"embeddable":true,"href":"https:\/\/streetmarkets.fr\/app\/wp-json\/wp\/v2\/media\/3669214"}],"wp:attachment":[{"href":"https:\/\/streetmarkets.fr\/app\/wp-json\/wp\/v2\/media?parent=3669213"}],"wp:term":[{"taxonomy":"product_brand","embeddable":true,"href":"https:\/\/streetmarkets.fr\/app\/wp-json\/wp\/v2\/product_brand?post=3669213"},{"taxonomy":"product_cat","embeddable":true,"href":"https:\/\/streetmarkets.fr\/app\/wp-json\/wp\/v2\/product_cat?post=3669213"},{"taxonomy":"product_tag","embeddable":true,"href":"https:\/\/streetmarkets.fr\/app\/wp-json\/wp\/v2\/product_tag?post=3669213"}],"curies":[{"name":"wp","href":"https:\/\/api.w.org\/{rel}","templated":true}]}}