{"id":3662641,"date":"2026-02-23T00:45:34","date_gmt":"2026-02-22T23:45:34","guid":{"rendered":"https:\/\/streetmarkets.fr\/app\/produit\/robe-longue-regua-a-volants\/"},"modified":"2026-05-06T01:45:03","modified_gmt":"2026-05-05T23:45:03","slug":"robe-longue-regua-a-volants","status":"publish","type":"product","link":"https:\/\/streetmarkets.fr\/app\/produit\/robe-longue-regua-a-volants\/","title":{"rendered":"Robe longue Regua \u00e0 volants"},"content":{"rendered":"<ul>\n<li>robe longue avec 2 <strong>volants<\/strong>\u00a0\n<\/li>\n<li>manches courtes\u00a0<\/li>\n<li>imprim\u00e9 <strong>floral<\/strong>\u00a0<\/li>\n<li>fermeture \u00e9clair sur le c\u00f4t\u00e9\u00a0<\/li>\n<li>100% voile batiste de <strong>coton<\/strong>\n<\/li>\n<li>marque fran\u00e7aise <strong>La Fianc\u00e9e<\/strong>\n<\/li>\n<\/ul>\n<p><\/p>\n<p><strong><br \/><\/strong><\/p>\n","protected":false},"excerpt":{"rendered":"<p>robe longue avec 2 volants\u00a0 manches courtes\u00a0 imprim\u00e9 floral\u00a0 fermeture \u00e9clair sur le c\u00f4t\u00e9\u00a0 100% voile batiste de coton marque fran\u00e7aise La Fianc\u00e9e<\/p>\n","protected":false},"featured_media":3662642,"comment_status":"open","ping_status":"closed","template":"","meta":[],"product_brand":[],"product_cat":[],"product_tag":[],"acf":[],"_links":{"self":[{"href":"https:\/\/streetmarkets.fr\/app\/wp-json\/wp\/v2\/product\/3662641"}],"collection":[{"href":"https:\/\/streetmarkets.fr\/app\/wp-json\/wp\/v2\/product"}],"about":[{"href":"https:\/\/streetmarkets.fr\/app\/wp-json\/wp\/v2\/types\/product"}],"replies":[{"embeddable":true,"href":"https:\/\/streetmarkets.fr\/app\/wp-json\/wp\/v2\/comments?post=3662641"}],"wp:featuredmedia":[{"embeddable":true,"href":"https:\/\/streetmarkets.fr\/app\/wp-json\/wp\/v2\/media\/3662642"}],"wp:attachment":[{"href":"https:\/\/streetmarkets.fr\/app\/wp-json\/wp\/v2\/media?parent=3662641"}],"wp:term":[{"taxonomy":"product_brand","embeddable":true,"href":"https:\/\/streetmarkets.fr\/app\/wp-json\/wp\/v2\/product_brand?post=3662641"},{"taxonomy":"product_cat","embeddable":true,"href":"https:\/\/streetmarkets.fr\/app\/wp-json\/wp\/v2\/product_cat?post=3662641"},{"taxonomy":"product_tag","embeddable":true,"href":"https:\/\/streetmarkets.fr\/app\/wp-json\/wp\/v2\/product_tag?post=3662641"}],"curies":[{"name":"wp","href":"https:\/\/api.w.org\/{rel}","templated":true}]}}