{"id":3662402,"date":"2026-02-22T23:56:52","date_gmt":"2026-02-22T22:56:52","guid":{"rendered":"https:\/\/streetmarkets.fr\/app\/produit\/chaussettes-leopard-pailletees-marine-et-jaune\/"},"modified":"2026-05-09T00:56:18","modified_gmt":"2026-05-08T22:56:18","slug":"chaussettes-leopard-pailletees-marine-et-jaune","status":"publish","type":"product","link":"https:\/\/streetmarkets.fr\/app\/produit\/chaussettes-leopard-pailletees-marine-et-jaune\/","title":{"rendered":"Chaussettes l\u00e9opard paillet\u00e9es &#8211; marine et jaune"},"content":{"rendered":"<p>Apportez une touche d&#8217;originalit\u00e9 \u00e0 votre tenue avec ces belles chaussettes paillet\u00e9es l\u00e9opard. En coton peign\u00e9 et remaill\u00e9e \u00e0 la main, cette paire de chaussettes vous garantira confort et durabilit\u00e9 dans le temps.<\/p>\n<p>D\u00c9TAILS<\/p>\n<ul>\n<li>Chaussettes \u00e0 hauteur cheville et \u00e0 \u00e9paisseur interm\u00e9diaire (toutes saisons)\n<\/li>\n<li>Certifi\u00e9es OEKO-TEX, sans substances nocives pour la sant\u00e9<\/li>\n<li>Pointes et talons renforc\u00e9s par fils de nylon<\/li>\n<li>Remaill\u00e9es \u00e0 la main pour des coutures extra-fines et ultraconfortables\u202f<\/li>\n<li>Taille unique : 37-40<\/li>\n<li>Logo BILLYBELT brod\u00e9 et color\u00e9\n<\/li>\n<\/ul>\n","protected":false},"excerpt":{"rendered":"<p>Apportez une touche d&#8217;originalit\u00e9 \u00e0 votre tenue avec ces belles chaussettes paillet\u00e9es l\u00e9opard. En coton peign\u00e9 et remaill\u00e9e \u00e0 la main, cette paire de chaussettes vous garantira confort et durabilit\u00e9 dans le temps. D\u00c9TAILS Chaussettes \u00e0 hauteur cheville et \u00e0 \u00e9paisseur interm\u00e9diaire (toutes saisons) Certifi\u00e9es OEKO-TEX, sans substances nocives pour la sant\u00e9 Pointes et talons [&hellip;]<\/p>\n","protected":false},"featured_media":3662403,"comment_status":"open","ping_status":"closed","template":"","meta":[],"product_brand":[],"product_cat":[],"product_tag":[],"acf":[],"_links":{"self":[{"href":"https:\/\/streetmarkets.fr\/app\/wp-json\/wp\/v2\/product\/3662402"}],"collection":[{"href":"https:\/\/streetmarkets.fr\/app\/wp-json\/wp\/v2\/product"}],"about":[{"href":"https:\/\/streetmarkets.fr\/app\/wp-json\/wp\/v2\/types\/product"}],"replies":[{"embeddable":true,"href":"https:\/\/streetmarkets.fr\/app\/wp-json\/wp\/v2\/comments?post=3662402"}],"wp:featuredmedia":[{"embeddable":true,"href":"https:\/\/streetmarkets.fr\/app\/wp-json\/wp\/v2\/media\/3662403"}],"wp:attachment":[{"href":"https:\/\/streetmarkets.fr\/app\/wp-json\/wp\/v2\/media?parent=3662402"}],"wp:term":[{"taxonomy":"product_brand","embeddable":true,"href":"https:\/\/streetmarkets.fr\/app\/wp-json\/wp\/v2\/product_brand?post=3662402"},{"taxonomy":"product_cat","embeddable":true,"href":"https:\/\/streetmarkets.fr\/app\/wp-json\/wp\/v2\/product_cat?post=3662402"},{"taxonomy":"product_tag","embeddable":true,"href":"https:\/\/streetmarkets.fr\/app\/wp-json\/wp\/v2\/product_tag?post=3662402"}],"curies":[{"name":"wp","href":"https:\/\/api.w.org\/{rel}","templated":true}]}}