{"id":3662366,"date":"2026-02-22T23:56:49","date_gmt":"2026-02-22T22:56:49","guid":{"rendered":"https:\/\/streetmarkets.fr\/app\/produit\/bougie-atina-olive-fraiche-et-citron\/"},"modified":"2026-05-06T00:56:17","modified_gmt":"2026-05-05T22:56:17","slug":"bougie-atina-olive-fraiche-et-citron","status":"publish","type":"product","link":"https:\/\/streetmarkets.fr\/app\/produit\/bougie-atina-olive-fraiche-et-citron\/","title":{"rendered":"Bougie Atina &#8211; Olive fra\u00eeche et citron"},"content":{"rendered":"<p>La collection de bougies Atina offre une \u00e9vasion en M\u00e9diterran\u00e9e \u00e0 chaque combustion. Envelopp\u00e9es dans un \u00e9l\u00e9gant verre et pr\u00e9sent\u00e9es dans un joli coffret cadeau, ces bougies sont con\u00e7ues pour rehausser n&#8217;importe quel espace avec une beaut\u00e9 intemporelle et des parfums irr\u00e9sistibles.<\/p>\n<ul>\n<li>Fabriqu\u00e9 au Royaume-Uni<\/li>\n<li>Dimension : Hauteur 10cm x Diam\u00e8tre 8cm<\/li>\n<li>cire de soja<\/li>\n<li>280g<\/li>\n<\/ul>\n<p>Parfum Olive &amp; Lemon : un parfum propre et vivifiant rappelant une oliveraie italienne \u00e0 l&#8217;aube, o\u00f9 les citrons acidul\u00e9s rencontrent la fra\u00eecheur terreuse des olives.<\/p>\n","protected":false},"excerpt":{"rendered":"<p>La collection de bougies Atina offre une \u00e9vasion en M\u00e9diterran\u00e9e \u00e0 chaque combustion. Envelopp\u00e9es dans un \u00e9l\u00e9gant verre et pr\u00e9sent\u00e9es dans un joli coffret cadeau, ces bougies sont con\u00e7ues pour rehausser n&#8217;importe quel espace avec une beaut\u00e9 intemporelle et des parfums irr\u00e9sistibles. Fabriqu\u00e9 au Royaume-Uni Dimension : Hauteur 10cm x Diam\u00e8tre 8cm cire de soja [&hellip;]<\/p>\n","protected":false},"featured_media":3662367,"comment_status":"open","ping_status":"closed","template":"","meta":[],"product_brand":[],"product_cat":[],"product_tag":[],"acf":[],"_links":{"self":[{"href":"https:\/\/streetmarkets.fr\/app\/wp-json\/wp\/v2\/product\/3662366"}],"collection":[{"href":"https:\/\/streetmarkets.fr\/app\/wp-json\/wp\/v2\/product"}],"about":[{"href":"https:\/\/streetmarkets.fr\/app\/wp-json\/wp\/v2\/types\/product"}],"replies":[{"embeddable":true,"href":"https:\/\/streetmarkets.fr\/app\/wp-json\/wp\/v2\/comments?post=3662366"}],"wp:featuredmedia":[{"embeddable":true,"href":"https:\/\/streetmarkets.fr\/app\/wp-json\/wp\/v2\/media\/3662367"}],"wp:attachment":[{"href":"https:\/\/streetmarkets.fr\/app\/wp-json\/wp\/v2\/media?parent=3662366"}],"wp:term":[{"taxonomy":"product_brand","embeddable":true,"href":"https:\/\/streetmarkets.fr\/app\/wp-json\/wp\/v2\/product_brand?post=3662366"},{"taxonomy":"product_cat","embeddable":true,"href":"https:\/\/streetmarkets.fr\/app\/wp-json\/wp\/v2\/product_cat?post=3662366"},{"taxonomy":"product_tag","embeddable":true,"href":"https:\/\/streetmarkets.fr\/app\/wp-json\/wp\/v2\/product_tag?post=3662366"}],"curies":[{"name":"wp","href":"https:\/\/api.w.org\/{rel}","templated":true}]}}