{"id":3662332,"date":"2026-02-22T23:56:37","date_gmt":"2026-02-22T22:56:37","guid":{"rendered":"https:\/\/streetmarkets.fr\/app\/produit\/bougie-champagne-et-rose\/"},"modified":"2026-05-11T00:55:59","modified_gmt":"2026-05-10T22:55:59","slug":"bougie-champagne-et-rose","status":"publish","type":"product","link":"https:\/\/streetmarkets.fr\/app\/produit\/bougie-champagne-et-rose\/","title":{"rendered":"Bougie CHAMPAGNE ET ROSE"},"content":{"rendered":"<p data-end=\"285\" data-start=\"268\">DESCRIPTION<\/p>\n<p data-end=\"573\" data-start=\"286\">Apportez une touche de sophistication \u00e0 votre int\u00e9rieur avec la <strong data-end=\"386\" data-start=\"350\">bougie parfum\u00e9e Champagne &amp; Rose<\/strong> sign\u00e9e <strong data-end=\"405\" data-start=\"394\">To From<\/strong>. Les notes p\u00e9tillantes du champagne se m\u00ealent \u00e0 la d\u00e9licatesse de la rose, cr\u00e9ant une atmosph\u00e8re \u00e9l\u00e9gante et raffin\u00e9e, parfaite pour sublimer vos moments de d\u00e9tente.<\/p>\n<p data-end=\"593\" data-start=\"580\">D\u00c9TAILS<\/p>\n<ul>\n<li data-end=\"623\" data-start=\"596\">Parfum : Champagne &amp; Rose<\/li>\n<li data-end=\"671\" data-start=\"626\">Format : 150 g (environ 35 h de combustion)<\/li>\n<li data-end=\"694\" data-start=\"674\">Cire 100% v\u00e9g\u00e9tale<\/li>\n<li data-end=\"724\" data-start=\"697\">M\u00e8che en coton non trait\u00e9<\/li>\n<li data-end=\"767\" data-start=\"727\">Contenant en verre <strong data-end=\"765\" data-start=\"746\">peint \u00e0 la main<\/strong>\n<\/li>\n<li data-end=\"806\" data-start=\"770\">Fabrication artisanale \u00e0 Barcelone<\/li>\n<\/ul>\n<p data-end=\"830\" data-start=\"813\">COMPOSITION<\/p>\n<ul>\n<li data-end=\"886\" data-start=\"833\">Cire de soja 100% naturelle, sans OGM ni pesticides<\/li>\n<li data-end=\"916\" data-start=\"889\">Parfums \u00e9labor\u00e9s \u00e0 Grasse<\/li>\n<li data-end=\"946\" data-start=\"919\">M\u00e8che en coton sans plomb<\/li>\n<li data-end=\"1014\" data-start=\"949\">Contenant peint \u00e0 la main et produit artisanalement \u00e0 Barcelone<\/li>\n<\/ul>\n<p data-end=\"1046\" data-start=\"1021\">LE CONSEIL D\u2019ASTRID<\/p>\n<p data-end=\"1221\" data-start=\"1047\">Parfaite pour cr\u00e9er une ambiance chic et romantique, cette bougie diffusera ses notes p\u00e9tillantes et florales dans votre salon, votre chambre ou lors de moments conviviaux.<\/p>\n<p data-end=\"1243\" data-start=\"1228\">LA MARQUE<\/p>\n<p data-end=\"1553\" data-start=\"1246\">&#8211; Des cr\u00e9ations parfum\u00e9es uniques et responsables &#8211;<br data-end=\"1298\" data-start=\"1295\"><strong data-end=\"1309\" data-start=\"1298\">To From<\/strong> propose des bougies artisanales fabriqu\u00e9es en petites s\u00e9ries avec des ingr\u00e9dients naturels. Chaque bougie est <strong data-end=\"1464\" data-start=\"1420\">peinte \u00e0 la main et produite \u00e0 Barcelone<\/strong>, offrant un objet \u00e0 la fois esth\u00e9tique, authentique et respectueux de l\u2019environnement.<\/p>\n","protected":false},"excerpt":{"rendered":"<p>DESCRIPTION Apportez une touche de sophistication \u00e0 votre int\u00e9rieur avec la bougie parfum\u00e9e Champagne &amp; Rose sign\u00e9e To From. Les notes p\u00e9tillantes du champagne se m\u00ealent \u00e0 la d\u00e9licatesse de la rose, cr\u00e9ant une atmosph\u00e8re \u00e9l\u00e9gante et raffin\u00e9e, parfaite pour sublimer vos moments de d\u00e9tente. D\u00c9TAILS Parfum : Champagne &amp; Rose Format : 150 g [&hellip;]<\/p>\n","protected":false},"featured_media":3662333,"comment_status":"open","ping_status":"closed","template":"","meta":[],"product_brand":[],"product_cat":[],"product_tag":[],"acf":[],"_links":{"self":[{"href":"https:\/\/streetmarkets.fr\/app\/wp-json\/wp\/v2\/product\/3662332"}],"collection":[{"href":"https:\/\/streetmarkets.fr\/app\/wp-json\/wp\/v2\/product"}],"about":[{"href":"https:\/\/streetmarkets.fr\/app\/wp-json\/wp\/v2\/types\/product"}],"replies":[{"embeddable":true,"href":"https:\/\/streetmarkets.fr\/app\/wp-json\/wp\/v2\/comments?post=3662332"}],"wp:featuredmedia":[{"embeddable":true,"href":"https:\/\/streetmarkets.fr\/app\/wp-json\/wp\/v2\/media\/3662333"}],"wp:attachment":[{"href":"https:\/\/streetmarkets.fr\/app\/wp-json\/wp\/v2\/media?parent=3662332"}],"wp:term":[{"taxonomy":"product_brand","embeddable":true,"href":"https:\/\/streetmarkets.fr\/app\/wp-json\/wp\/v2\/product_brand?post=3662332"},{"taxonomy":"product_cat","embeddable":true,"href":"https:\/\/streetmarkets.fr\/app\/wp-json\/wp\/v2\/product_cat?post=3662332"},{"taxonomy":"product_tag","embeddable":true,"href":"https:\/\/streetmarkets.fr\/app\/wp-json\/wp\/v2\/product_tag?post=3662332"}],"curies":[{"name":"wp","href":"https:\/\/api.w.org\/{rel}","templated":true}]}}