{"id":3657019,"date":"2026-02-21T23:59:09","date_gmt":"2026-02-21T22:59:09","guid":{"rendered":"https:\/\/streetmarkets.fr\/app\/produit\/bague-strass-coeur\/"},"modified":"2026-05-12T00:59:10","modified_gmt":"2026-05-11T22:59:10","slug":"bague-strass-coeur","status":"publish","type":"product","link":"https:\/\/streetmarkets.fr\/app\/produit\/bague-strass-coeur\/","title":{"rendered":"Bague Strass C\u0153ur"},"content":{"rendered":"<p data-start=\"0\" data-end=\"68\">Bague Strass C\u0153ur : L\u2019amour en version pr\u00e9cieuse et affirm\u00e9e !\u00a0<br \/>Cette bague en laiton sabl\u00e9 plaqu\u00e9 or (3 microns ) nous fait craquer avec sa pierre centrale taill\u00e9e en forme de c\u0153ur. En son centre, une tourmaline rose clair cristalline, d\u00e9licatement mise en valeur par des strass Swarovski, cr\u00e9e un contraste subtil entre \u00e9clat et douceur. Une pi\u00e8ce forte qui raconte autant une histoire de style que d\u2019\u00e9motion.<\/p>\n<p data-start=\"455\" data-end=\"719\">Cr\u00e9\u00e9e et fabriqu\u00e9e \u00e0 la main dans un atelier \u00e0 Paris, cette bague s\u2019inscrit dans un univers o\u00f9 esprit antique et modernit\u00e9 dialoguent librement. Chaque gemme est choisie avec attention, autant pour sa couleur que pour sa symbolique.<\/p>\n<p data-start=\"721\" data-end=\"1061\">La tourmaline rose est li\u00e9e \u00e0 l\u2019amour de soi et \u00e0 la restauration \u00e9motionnelle de l\u2019enfant int\u00e9rieur. Elle aide \u00e0 apaiser les pens\u00e9es envahissantes, \u00e0 \u00e9quilibrer les \u00e9nergies et \u00e0 installer un sentiment profond de bien-\u00eatre et de s\u00e9curit\u00e9. Associ\u00e9e au chakra du c\u0153ur, elle invite \u00e0 se reconnecter \u00e0 ses \u00e9motions avec douceur et confiance.<\/p>\n<p data-start=\"1063\" data-end=\"1170\" data-is-last-node=\"\" data-is-only-node=\"\">Un c\u0153ur en tourmaline, quelques \u00e9clats lumineux, et notre main porte bien plus qu\u2019un bijou : une intention.<\/p>\n","protected":false},"excerpt":{"rendered":"<p>Bague Strass C\u0153ur : L\u2019amour en version pr\u00e9cieuse et affirm\u00e9e !\u00a0Cette bague en laiton sabl\u00e9 plaqu\u00e9 or (3 microns ) nous fait craquer avec sa pierre centrale taill\u00e9e en forme de c\u0153ur. En son centre, une tourmaline rose clair cristalline, d\u00e9licatement mise en valeur par des strass Swarovski, cr\u00e9e un contraste subtil entre \u00e9clat et [&hellip;]<\/p>\n","protected":false},"featured_media":3657020,"comment_status":"open","ping_status":"closed","template":"","meta":[],"product_brand":[],"product_cat":[],"product_tag":[],"acf":[],"_links":{"self":[{"href":"https:\/\/streetmarkets.fr\/app\/wp-json\/wp\/v2\/product\/3657019"}],"collection":[{"href":"https:\/\/streetmarkets.fr\/app\/wp-json\/wp\/v2\/product"}],"about":[{"href":"https:\/\/streetmarkets.fr\/app\/wp-json\/wp\/v2\/types\/product"}],"replies":[{"embeddable":true,"href":"https:\/\/streetmarkets.fr\/app\/wp-json\/wp\/v2\/comments?post=3657019"}],"wp:featuredmedia":[{"embeddable":true,"href":"https:\/\/streetmarkets.fr\/app\/wp-json\/wp\/v2\/media\/3657020"}],"wp:attachment":[{"href":"https:\/\/streetmarkets.fr\/app\/wp-json\/wp\/v2\/media?parent=3657019"}],"wp:term":[{"taxonomy":"product_brand","embeddable":true,"href":"https:\/\/streetmarkets.fr\/app\/wp-json\/wp\/v2\/product_brand?post=3657019"},{"taxonomy":"product_cat","embeddable":true,"href":"https:\/\/streetmarkets.fr\/app\/wp-json\/wp\/v2\/product_cat?post=3657019"},{"taxonomy":"product_tag","embeddable":true,"href":"https:\/\/streetmarkets.fr\/app\/wp-json\/wp\/v2\/product_tag?post=3657019"}],"curies":[{"name":"wp","href":"https:\/\/api.w.org\/{rel}","templated":true}]}}