{"id":3656990,"date":"2026-02-21T19:05:36","date_gmt":"2026-02-21T18:05:36","guid":{"rendered":"https:\/\/streetmarkets.fr\/app\/produit\/jean-levis-501-made-in-france-vintage-w26\/"},"modified":"2026-04-11T20:05:54","modified_gmt":"2026-04-11T18:05:54","slug":"jean-levis-501-made-in-france-vintage-w26","status":"publish","type":"product","link":"https:\/\/streetmarkets.fr\/app\/produit\/jean-levis-501-made-in-france-vintage-w26\/","title":{"rendered":"Jean Levi&#8217;s 501 made in France vintage \u2022 W26"},"content":{"rendered":"<p>Jean 501 Levi&#8217;s noir vintage,\u00a0<br data-mce-fragment=\"1\">coupe droite, fermeture boutons,<br \/>made in France.<br data-mce-fragment=\"1\"><br data-mce-fragment=\"1\">Marque : Levi&#8217;s<br data-mce-fragment=\"1\">Composition : 100% coton<br data-mce-fragment=\"1\">Ann\u00e9es : 1998<br data-mce-fragment=\"1\"><br data-mce-fragment=\"1\">Taille indiqu\u00e9e : W26 L32<br data-mce-fragment=\"1\">Taille estim\u00e9e : 32FR pour un effet ample ou ajust\u00e9<br data-mce-fragment=\"1\">Taille (cm): 33<br data-mce-fragment=\"1\">Hanches (cm): 48<br data-mce-fragment=\"1\">Longueur entrejambe (cm): 75<br data-mce-fragment=\"1\"><br data-mce-fragment=\"1\">\u00c9tat : tr\u00e8s bon.<br data-mce-fragment=\"1\">Merci de noter que les v\u00eatements ne sont pas neufs et qu\u2019ils peuvent porter l&#8217;usure d&#8217;une pi\u00e8ce de seconde main.<\/p>\n<p>Pour plus d&#8217;informations : <a href=\"https:\/\/uniselection.fr\/pages\/contactez-nous\">contactez-nous<\/a>.<\/p>\n","protected":false},"excerpt":{"rendered":"<p>Jean 501 Levi&#8217;s noir vintage,\u00a0coupe droite, fermeture boutons,made in France.Marque : Levi&#8217;sComposition : 100% cotonAnn\u00e9es : 1998Taille indiqu\u00e9e : W26 L32Taille estim\u00e9e : 32FR pour un effet ample ou ajust\u00e9Taille (cm): 33Hanches (cm): 48Longueur entrejambe (cm): 75\u00c9tat : tr\u00e8s bon.Merci de noter que les v\u00eatements ne sont pas neufs et qu\u2019ils peuvent porter l&#8217;usure d&#8217;une [&hellip;]<\/p>\n","protected":false},"featured_media":3656991,"comment_status":"open","ping_status":"closed","template":"","meta":[],"product_brand":[1230],"product_cat":[],"product_tag":[],"acf":[],"_links":{"self":[{"href":"https:\/\/streetmarkets.fr\/app\/wp-json\/wp\/v2\/product\/3656990"}],"collection":[{"href":"https:\/\/streetmarkets.fr\/app\/wp-json\/wp\/v2\/product"}],"about":[{"href":"https:\/\/streetmarkets.fr\/app\/wp-json\/wp\/v2\/types\/product"}],"replies":[{"embeddable":true,"href":"https:\/\/streetmarkets.fr\/app\/wp-json\/wp\/v2\/comments?post=3656990"}],"wp:featuredmedia":[{"embeddable":true,"href":"https:\/\/streetmarkets.fr\/app\/wp-json\/wp\/v2\/media\/3656991"}],"wp:attachment":[{"href":"https:\/\/streetmarkets.fr\/app\/wp-json\/wp\/v2\/media?parent=3656990"}],"wp:term":[{"taxonomy":"product_brand","embeddable":true,"href":"https:\/\/streetmarkets.fr\/app\/wp-json\/wp\/v2\/product_brand?post=3656990"},{"taxonomy":"product_cat","embeddable":true,"href":"https:\/\/streetmarkets.fr\/app\/wp-json\/wp\/v2\/product_cat?post=3656990"},{"taxonomy":"product_tag","embeddable":true,"href":"https:\/\/streetmarkets.fr\/app\/wp-json\/wp\/v2\/product_tag?post=3656990"}],"curies":[{"name":"wp","href":"https:\/\/api.w.org\/{rel}","templated":true}]}}