{"id":3656983,"date":"2026-02-21T19:05:35","date_gmt":"2026-02-21T18:05:35","guid":{"rendered":"https:\/\/streetmarkets.fr\/app\/produit\/pull-en-coton-ralph-lauren-vintage-taille-m\/"},"modified":"2026-05-04T20:05:39","modified_gmt":"2026-05-04T18:05:39","slug":"pull-en-coton-ralph-lauren-vintage-taille-m","status":"publish","type":"product","link":"https:\/\/streetmarkets.fr\/app\/produit\/pull-en-coton-ralph-lauren-vintage-taille-m\/","title":{"rendered":"Pull en coton Ralph Lauren vintage \u2022 taille M"},"content":{"rendered":"<p>Pull en maille bleu marine Ralph Lauren\u00a0vintage,\u00a0<br \/>fabriqu\u00e9 \u00e0 Hong Kong.<\/p>\n<p>Marque : Polo by Ralph Lauren<br \/>Composition : 100% laine<\/p>\n<p>Taille indiqu\u00e9e : M<br \/>Taille estim\u00e9e : du S au L pour un port\u00e9 ample ou ajust\u00e9 (homme)<br \/>Mesures :\u00a0<br \/>\u00c9paules (cm): 44<br \/>Poitrine (cm): 51<br \/>Longueur dos (cm): 76<br \/>Manche (aisselle au poignet, cm): 53<\/p>\n<p>\u00c9tat : bon.<br data-end=\"174\" data-start=\"171\">Le tissu pr\u00e9sente une l\u00e9g\u00e8re rigidit\u00e9 due \u00e0 une teinture r\u00e9cente ; il s\u2019assouplira naturellement au fil des ports et des lavages.<\/p>\n<p data-end=\"503\" data-start=\"307\">Merci de noter qu\u2019il s\u2019agit d\u2019une pi\u00e8ce vintage : elle n\u2019est pas neuve et peut donc t\u00e9moigner d\u2019une l\u00e9g\u00e8re patine ou de marques discr\u00e8tes li\u00e9es \u00e0 sa vie pass\u00e9e, ce qui fait aussi tout son charme.<\/p>\n<p>Pour plus d&#8217;informations : <a href=\"https:\/\/uniselection.fr\/pages\/contactez-nous\">contactez-nous<\/a>.<\/p>\n","protected":false},"excerpt":{"rendered":"<p>Pull en maille bleu marine Ralph Lauren\u00a0vintage,\u00a0fabriqu\u00e9 \u00e0 Hong Kong. Marque : Polo by Ralph LaurenComposition : 100% laine Taille indiqu\u00e9e : MTaille estim\u00e9e : du S au L pour un port\u00e9 ample ou ajust\u00e9 (homme)Mesures :\u00a0\u00c9paules (cm): 44Poitrine (cm): 51Longueur dos (cm): 76Manche (aisselle au poignet, cm): 53 \u00c9tat : bon.Le tissu pr\u00e9sente une [&hellip;]<\/p>\n","protected":false},"featured_media":3656984,"comment_status":"open","ping_status":"closed","template":"","meta":[],"product_brand":[],"product_cat":[],"product_tag":[],"acf":[],"_links":{"self":[{"href":"https:\/\/streetmarkets.fr\/app\/wp-json\/wp\/v2\/product\/3656983"}],"collection":[{"href":"https:\/\/streetmarkets.fr\/app\/wp-json\/wp\/v2\/product"}],"about":[{"href":"https:\/\/streetmarkets.fr\/app\/wp-json\/wp\/v2\/types\/product"}],"replies":[{"embeddable":true,"href":"https:\/\/streetmarkets.fr\/app\/wp-json\/wp\/v2\/comments?post=3656983"}],"wp:featuredmedia":[{"embeddable":true,"href":"https:\/\/streetmarkets.fr\/app\/wp-json\/wp\/v2\/media\/3656984"}],"wp:attachment":[{"href":"https:\/\/streetmarkets.fr\/app\/wp-json\/wp\/v2\/media?parent=3656983"}],"wp:term":[{"taxonomy":"product_brand","embeddable":true,"href":"https:\/\/streetmarkets.fr\/app\/wp-json\/wp\/v2\/product_brand?post=3656983"},{"taxonomy":"product_cat","embeddable":true,"href":"https:\/\/streetmarkets.fr\/app\/wp-json\/wp\/v2\/product_cat?post=3656983"},{"taxonomy":"product_tag","embeddable":true,"href":"https:\/\/streetmarkets.fr\/app\/wp-json\/wp\/v2\/product_tag?post=3656983"}],"curies":[{"name":"wp","href":"https:\/\/api.w.org\/{rel}","templated":true}]}}