{"id":3651371,"date":"2026-02-21T01:05:32","date_gmt":"2026-02-21T00:05:32","guid":{"rendered":"https:\/\/streetmarkets.fr\/app\/produit\/nouveau-masscob-blouse-java-tan-precommande\/"},"modified":"2026-05-06T02:04:39","modified_gmt":"2026-05-06T00:04:39","slug":"nouveau-masscob-blouse-java-tan-precommande","status":"publish","type":"product","link":"https:\/\/streetmarkets.fr\/app\/produit\/nouveau-masscob-blouse-java-tan-precommande\/","title":{"rendered":"Nouveau ! MASSCOB Blouse Java Tan"},"content":{"rendered":"<p data-rte-preserve-empty=\"true\">Blouse en coton ray\u00e9, coupe ample et droite, d\u00e9collet\u00e9 v, manches longues et poignets resserr\u00e9s, emmanchure large. Sur la photo la blouse est port\u00e9 avec le pantalon Bora Tan. <\/p>\n<p data-rte-preserve-empty=\"true\">D\u00e9tail : 100% coton <\/p>\n","protected":false},"excerpt":{"rendered":"<p>Blouse en coton ray\u00e9, coupe ample et droite, d\u00e9collet\u00e9 v, manches longues et poignets resserr\u00e9s, emmanchure large. Sur la photo la blouse est port\u00e9 avec le pantalon Bora Tan. D\u00e9tail : 100% coton<\/p>\n","protected":false},"featured_media":3651372,"comment_status":"open","ping_status":"closed","template":"","meta":[],"product_brand":[],"product_cat":[],"product_tag":[],"acf":[],"_links":{"self":[{"href":"https:\/\/streetmarkets.fr\/app\/wp-json\/wp\/v2\/product\/3651371"}],"collection":[{"href":"https:\/\/streetmarkets.fr\/app\/wp-json\/wp\/v2\/product"}],"about":[{"href":"https:\/\/streetmarkets.fr\/app\/wp-json\/wp\/v2\/types\/product"}],"replies":[{"embeddable":true,"href":"https:\/\/streetmarkets.fr\/app\/wp-json\/wp\/v2\/comments?post=3651371"}],"wp:featuredmedia":[{"embeddable":true,"href":"https:\/\/streetmarkets.fr\/app\/wp-json\/wp\/v2\/media\/3651372"}],"wp:attachment":[{"href":"https:\/\/streetmarkets.fr\/app\/wp-json\/wp\/v2\/media?parent=3651371"}],"wp:term":[{"taxonomy":"product_brand","embeddable":true,"href":"https:\/\/streetmarkets.fr\/app\/wp-json\/wp\/v2\/product_brand?post=3651371"},{"taxonomy":"product_cat","embeddable":true,"href":"https:\/\/streetmarkets.fr\/app\/wp-json\/wp\/v2\/product_cat?post=3651371"},{"taxonomy":"product_tag","embeddable":true,"href":"https:\/\/streetmarkets.fr\/app\/wp-json\/wp\/v2\/product_tag?post=3651371"}],"curies":[{"name":"wp","href":"https:\/\/api.w.org\/{rel}","templated":true}]}}