{"id":3651306,"date":"2026-02-21T01:04:55","date_gmt":"2026-02-21T00:04:55","guid":{"rendered":"https:\/\/streetmarkets.fr\/app\/produit\/nouveau-pomandere-pantalon-7215-fluide-raye-light-blue\/"},"modified":"2026-05-16T02:04:29","modified_gmt":"2026-05-16T00:04:29","slug":"nouveau-pomandere-pantalon-7215-fluide-raye-light-blue","status":"publish","type":"product","link":"https:\/\/streetmarkets.fr\/app\/produit\/nouveau-pomandere-pantalon-7215-fluide-raye-light-blue\/","title":{"rendered":"Nouveau ! POMAND\u00c8RE Pantalon 7215 Fluide Ray\u00e9 Light Blue"},"content":{"rendered":"<p data-rte-preserve-empty=\"true\">Pantalon \u00e0 rayures, coupe ample, jambe droite et \u00e9vas\u00e9e, taille \u00e9lastique avec un lien de serrage, deux poches lat\u00e9rales, fluide et confortable. <\/p>\n<p data-rte-preserve-empty=\"true\">D\u00e9tail : 87% viscose, 13% polyamide<\/p>\n","protected":false},"excerpt":{"rendered":"<p>Pantalon \u00e0 rayures, coupe ample, jambe droite et \u00e9vas\u00e9e, taille \u00e9lastique avec un lien de serrage, deux poches lat\u00e9rales, fluide et confortable. D\u00e9tail : 87% viscose, 13% polyamide<\/p>\n","protected":false},"featured_media":3651307,"comment_status":"open","ping_status":"closed","template":"","meta":[],"product_brand":[],"product_cat":[],"product_tag":[],"acf":[],"_links":{"self":[{"href":"https:\/\/streetmarkets.fr\/app\/wp-json\/wp\/v2\/product\/3651306"}],"collection":[{"href":"https:\/\/streetmarkets.fr\/app\/wp-json\/wp\/v2\/product"}],"about":[{"href":"https:\/\/streetmarkets.fr\/app\/wp-json\/wp\/v2\/types\/product"}],"replies":[{"embeddable":true,"href":"https:\/\/streetmarkets.fr\/app\/wp-json\/wp\/v2\/comments?post=3651306"}],"wp:featuredmedia":[{"embeddable":true,"href":"https:\/\/streetmarkets.fr\/app\/wp-json\/wp\/v2\/media\/3651307"}],"wp:attachment":[{"href":"https:\/\/streetmarkets.fr\/app\/wp-json\/wp\/v2\/media?parent=3651306"}],"wp:term":[{"taxonomy":"product_brand","embeddable":true,"href":"https:\/\/streetmarkets.fr\/app\/wp-json\/wp\/v2\/product_brand?post=3651306"},{"taxonomy":"product_cat","embeddable":true,"href":"https:\/\/streetmarkets.fr\/app\/wp-json\/wp\/v2\/product_cat?post=3651306"},{"taxonomy":"product_tag","embeddable":true,"href":"https:\/\/streetmarkets.fr\/app\/wp-json\/wp\/v2\/product_tag?post=3651306"}],"curies":[{"name":"wp","href":"https:\/\/api.w.org\/{rel}","templated":true}]}}