{"id":3651095,"date":"2026-02-21T01:01:24","date_gmt":"2026-02-21T00:01:24","guid":{"rendered":"https:\/\/streetmarkets.fr\/app\/produit\/apuntob-chemise-p1623-ts879-poppy\/"},"modified":"2026-05-10T02:02:53","modified_gmt":"2026-05-10T00:02:53","slug":"apuntob-chemise-p1623-ts879-poppy","status":"publish","type":"product","link":"https:\/\/streetmarkets.fr\/app\/produit\/apuntob-chemise-p1623-ts879-poppy\/","title":{"rendered":"APUNTOB Chemise P1623\/ TS879 Poppy"},"content":{"rendered":"<p><b>Cr\u00e9ateur :<\/b> ApuntoB, Italie<\/p>\n<p><b>D\u00e9tails : <\/b><span class=\"Y2IQFc\" lang=\"fr\">Chemise oversize 100% coton, mini col rond \u00e0 7 boutons, coutures \u00e9paules tombantes, petite poche poitrine. forme carr\u00e9e<\/span><\/p>\n<p>ApuntoB est une marque italienne de mode, inspir\u00e9e par la ligne et la d\u00e9licatesse du pr\u00eat \u00e0 porter\u00a0 japonais, la marque cr\u00e9\u00e9 des v\u00eatements durables au caract\u00e8re singulier.<\/p>\n<p><em>Details : 100% cotton oversized shirt, <\/em>mini round collar with 7 buttons, dropped shoulder seams, small chest pocket. boxy shape<\/p>\n<p><em>ApuntoB is an Italian fashion brand, inspired by the line and delicacy of Japanese ready-to-wear, the brand creates sustainable clothing with a singular character.<\/em><\/p>\n<p style=\"text-align: center\">APUNTOB Chemise P1623\/ TS879 Poppy<\/p>\n","protected":false},"excerpt":{"rendered":"<p>Cr\u00e9ateur : ApuntoB, Italie D\u00e9tails : Chemise oversize 100% coton, mini col rond \u00e0 7 boutons, coutures \u00e9paules tombantes, petite poche poitrine. forme carr\u00e9e ApuntoB est une marque italienne de mode, inspir\u00e9e par la ligne et la d\u00e9licatesse du pr\u00eat \u00e0 porter\u00a0 japonais, la marque cr\u00e9\u00e9 des v\u00eatements durables au caract\u00e8re singulier. Details : 100% [&hellip;]<\/p>\n","protected":false},"featured_media":3651096,"comment_status":"open","ping_status":"closed","template":"","meta":[],"product_brand":[],"product_cat":[],"product_tag":[],"acf":[],"_links":{"self":[{"href":"https:\/\/streetmarkets.fr\/app\/wp-json\/wp\/v2\/product\/3651095"}],"collection":[{"href":"https:\/\/streetmarkets.fr\/app\/wp-json\/wp\/v2\/product"}],"about":[{"href":"https:\/\/streetmarkets.fr\/app\/wp-json\/wp\/v2\/types\/product"}],"replies":[{"embeddable":true,"href":"https:\/\/streetmarkets.fr\/app\/wp-json\/wp\/v2\/comments?post=3651095"}],"wp:featuredmedia":[{"embeddable":true,"href":"https:\/\/streetmarkets.fr\/app\/wp-json\/wp\/v2\/media\/3651096"}],"wp:attachment":[{"href":"https:\/\/streetmarkets.fr\/app\/wp-json\/wp\/v2\/media?parent=3651095"}],"wp:term":[{"taxonomy":"product_brand","embeddable":true,"href":"https:\/\/streetmarkets.fr\/app\/wp-json\/wp\/v2\/product_brand?post=3651095"},{"taxonomy":"product_cat","embeddable":true,"href":"https:\/\/streetmarkets.fr\/app\/wp-json\/wp\/v2\/product_cat?post=3651095"},{"taxonomy":"product_tag","embeddable":true,"href":"https:\/\/streetmarkets.fr\/app\/wp-json\/wp\/v2\/product_tag?post=3651095"}],"curies":[{"name":"wp","href":"https:\/\/api.w.org\/{rel}","templated":true}]}}