{"id":3651083,"date":"2026-02-21T01:01:10","date_gmt":"2026-02-21T00:01:10","guid":{"rendered":"https:\/\/streetmarkets.fr\/app\/produit\/pull-col-rond-s26-homme-fairy-blue\/"},"modified":"2026-04-29T01:55:02","modified_gmt":"2026-04-28T23:55:02","slug":"pull-col-rond-s26-homme-fairy-blue","status":"publish","type":"product","link":"https:\/\/streetmarkets.fr\/app\/produit\/pull-col-rond-s26-homme-fairy-blue\/","title":{"rendered":"Pull Col Rond ( S26\/ HOMME\/ Fairy Blue)"},"content":{"rendered":"<p>Un pull audacieux qui joue sur les textures et les nuances gr\u00e2ce \u00e0 son effet d\u00e9lav\u00e9 unique. Agr\u00e9ment\u00e9 de l&#8217;imprim\u00e9 &#8220;FUTURE&#8221;, il apporte une touche contemporaine et graphique \u00e0 vos tenues de saison.<\/p>\n<p>&#8211; Pull col rond en cachemire 2 fils certifi\u00e9 GCS<br \/>\n<br \/>&#8211; Col rond<br \/>\n<br \/>&#8211; Imprim\u00e9 &#8220;FUTURE&#8221; et effet d\u00e9lav\u00e9<br \/>\n<br \/>&#8211; Bords c\u00f4tel\u00e9s<br \/>\n<br \/>&#8211; Coupe regular<br \/>\n<br \/>&#8211; 2 fils<br \/>\n<br \/>&#8211; Le Good Cashmere Standard\u00ae (GCS) est une norme ind\u00e9pendante pour un cachemire plus durable et plus responsable. Il vise \u00e0 am\u00e9liorer le bien-\u00eatre des ch\u00e8vres cachemire, les conditions de travail des \u00e9leveurs ainsi qu&#8217;\u00e0 prot\u00e9ger l&#8217;environnement.<\/p>\n","protected":false},"excerpt":{"rendered":"<p>Un pull audacieux qui joue sur les textures et les nuances gr\u00e2ce \u00e0 son effet d\u00e9lav\u00e9 unique. Agr\u00e9ment\u00e9 de l&#8217;imprim\u00e9 &#8220;FUTURE&#8221;, il apporte une touche contemporaine et graphique \u00e0 vos tenues de saison. &#8211; Pull col rond en cachemire 2 fils certifi\u00e9 GCS &#8211; Col rond &#8211; Imprim\u00e9 &#8220;FUTURE&#8221; et effet d\u00e9lav\u00e9 &#8211; Bords c\u00f4tel\u00e9s [&hellip;]<\/p>\n","protected":false},"featured_media":3651084,"comment_status":"open","ping_status":"closed","template":"","meta":[],"product_brand":[6868],"product_cat":[],"product_tag":[],"acf":[],"_links":{"self":[{"href":"https:\/\/streetmarkets.fr\/app\/wp-json\/wp\/v2\/product\/3651083"}],"collection":[{"href":"https:\/\/streetmarkets.fr\/app\/wp-json\/wp\/v2\/product"}],"about":[{"href":"https:\/\/streetmarkets.fr\/app\/wp-json\/wp\/v2\/types\/product"}],"replies":[{"embeddable":true,"href":"https:\/\/streetmarkets.fr\/app\/wp-json\/wp\/v2\/comments?post=3651083"}],"wp:featuredmedia":[{"embeddable":true,"href":"https:\/\/streetmarkets.fr\/app\/wp-json\/wp\/v2\/media\/3651084"}],"wp:attachment":[{"href":"https:\/\/streetmarkets.fr\/app\/wp-json\/wp\/v2\/media?parent=3651083"}],"wp:term":[{"taxonomy":"product_brand","embeddable":true,"href":"https:\/\/streetmarkets.fr\/app\/wp-json\/wp\/v2\/product_brand?post=3651083"},{"taxonomy":"product_cat","embeddable":true,"href":"https:\/\/streetmarkets.fr\/app\/wp-json\/wp\/v2\/product_cat?post=3651083"},{"taxonomy":"product_tag","embeddable":true,"href":"https:\/\/streetmarkets.fr\/app\/wp-json\/wp\/v2\/product_tag?post=3651083"}],"curies":[{"name":"wp","href":"https:\/\/api.w.org\/{rel}","templated":true}]}}