{"id":3650971,"date":"2026-02-21T01:00:40","date_gmt":"2026-02-21T00:00:40","guid":{"rendered":"https:\/\/streetmarkets.fr\/app\/produit\/jupe-mini-a-noeud-s26-femme-tropical-raspberry\/"},"modified":"2026-05-10T01:56:14","modified_gmt":"2026-05-09T23:56:14","slug":"jupe-mini-a-noeud-s26-femme-tropical-raspberry","status":"publish","type":"product","link":"https:\/\/streetmarkets.fr\/app\/produit\/jupe-mini-a-noeud-s26-femme-tropical-raspberry\/","title":{"rendered":"Jupe Mini \u00e0 Noeud (S26\/ FEMME\/ Tropical Raspberry)"},"content":{"rendered":"<p>Une silhouette l\u00e9g\u00e8re et ensoleill\u00e9e pour cette jupe mini confectionn\u00e9e en satin de soie. Elle se distingue par son d\u00e9tail de noeud d\u00e9licat \u00e0 la taille sur le milieu devant, offrant une allure \u00e0 la fois fra\u00eeche et sophistiqu\u00e9e pour vos journ\u00e9es d&#8217;\u00e9t\u00e9.<\/p>\n<p>&#8211; Jupe mini <br \/>&#8211; D\u00e9tail de noeud \u00e0 la taille sur le milieu devant <br \/>&#8211; Coupe regular <br \/>&#8211; 100% soie<\/p>\n","protected":false},"excerpt":{"rendered":"<p>Une silhouette l\u00e9g\u00e8re et ensoleill\u00e9e pour cette jupe mini confectionn\u00e9e en satin de soie. Elle se distingue par son d\u00e9tail de noeud d\u00e9licat \u00e0 la taille sur le milieu devant, offrant une allure \u00e0 la fois fra\u00eeche et sophistiqu\u00e9e pour vos journ\u00e9es d&#8217;\u00e9t\u00e9. &#8211; Jupe mini &#8211; D\u00e9tail de noeud \u00e0 la taille sur le [&hellip;]<\/p>\n","protected":false},"featured_media":3650972,"comment_status":"open","ping_status":"closed","template":"","meta":[],"product_brand":[6868],"product_cat":[],"product_tag":[],"acf":[],"_links":{"self":[{"href":"https:\/\/streetmarkets.fr\/app\/wp-json\/wp\/v2\/product\/3650971"}],"collection":[{"href":"https:\/\/streetmarkets.fr\/app\/wp-json\/wp\/v2\/product"}],"about":[{"href":"https:\/\/streetmarkets.fr\/app\/wp-json\/wp\/v2\/types\/product"}],"replies":[{"embeddable":true,"href":"https:\/\/streetmarkets.fr\/app\/wp-json\/wp\/v2\/comments?post=3650971"}],"wp:featuredmedia":[{"embeddable":true,"href":"https:\/\/streetmarkets.fr\/app\/wp-json\/wp\/v2\/media\/3650972"}],"wp:attachment":[{"href":"https:\/\/streetmarkets.fr\/app\/wp-json\/wp\/v2\/media?parent=3650971"}],"wp:term":[{"taxonomy":"product_brand","embeddable":true,"href":"https:\/\/streetmarkets.fr\/app\/wp-json\/wp\/v2\/product_brand?post=3650971"},{"taxonomy":"product_cat","embeddable":true,"href":"https:\/\/streetmarkets.fr\/app\/wp-json\/wp\/v2\/product_cat?post=3650971"},{"taxonomy":"product_tag","embeddable":true,"href":"https:\/\/streetmarkets.fr\/app\/wp-json\/wp\/v2\/product_tag?post=3650971"}],"curies":[{"name":"wp","href":"https:\/\/api.w.org\/{rel}","templated":true}]}}