{"id":3650958,"date":"2026-02-21T01:00:39","date_gmt":"2026-02-21T00:00:39","guid":{"rendered":"https:\/\/streetmarkets.fr\/app\/produit\/jupe-mi-longue-s26-femme-ocean-jacquard\/"},"modified":"2026-05-11T01:55:43","modified_gmt":"2026-05-10T23:55:43","slug":"jupe-mi-longue-s26-femme-ocean-jacquard","status":"publish","type":"product","link":"https:\/\/streetmarkets.fr\/app\/produit\/jupe-mi-longue-s26-femme-ocean-jacquard\/","title":{"rendered":"Jupe Mi-Longue (S26\/ FEMME\/ Ocean Jacquard)"},"content":{"rendered":"<p>Confectionn\u00e9e en satin de soie brillant et l\u00e9ger, la jupe mi-longue Vicky conf\u00e8re beaucoup d&#8217;allure. En toute \u00e9l\u00e9gance, elle d\u00e9voile un tomb\u00e9 fluide et \u00e9vas\u00e9. Id\u00e9ale en toutes circonstances, elle s&#8217;associe \u00e0 un top structur\u00e9 ou une chemise satin\u00e9e.<\/p>\n<p>&#8211; Jupe mi-longue en satin de soie Femme<br \/>\n<br \/>&#8211; Taille \u00e9lastiqu\u00e9e<br \/>\n<br \/>&#8211; Bas \u00e9vas\u00e9<br \/>\n<br \/>&#8211; Coupe regular<\/p>\n","protected":false},"excerpt":{"rendered":"<p>Confectionn\u00e9e en satin de soie brillant et l\u00e9ger, la jupe mi-longue Vicky conf\u00e8re beaucoup d&#8217;allure. En toute \u00e9l\u00e9gance, elle d\u00e9voile un tomb\u00e9 fluide et \u00e9vas\u00e9. Id\u00e9ale en toutes circonstances, elle s&#8217;associe \u00e0 un top structur\u00e9 ou une chemise satin\u00e9e. &#8211; Jupe mi-longue en satin de soie Femme &#8211; Taille \u00e9lastiqu\u00e9e &#8211; Bas \u00e9vas\u00e9 &#8211; Coupe [&hellip;]<\/p>\n","protected":false},"featured_media":3650959,"comment_status":"open","ping_status":"closed","template":"","meta":[],"product_brand":[6868],"product_cat":[],"product_tag":[],"acf":[],"_links":{"self":[{"href":"https:\/\/streetmarkets.fr\/app\/wp-json\/wp\/v2\/product\/3650958"}],"collection":[{"href":"https:\/\/streetmarkets.fr\/app\/wp-json\/wp\/v2\/product"}],"about":[{"href":"https:\/\/streetmarkets.fr\/app\/wp-json\/wp\/v2\/types\/product"}],"replies":[{"embeddable":true,"href":"https:\/\/streetmarkets.fr\/app\/wp-json\/wp\/v2\/comments?post=3650958"}],"wp:featuredmedia":[{"embeddable":true,"href":"https:\/\/streetmarkets.fr\/app\/wp-json\/wp\/v2\/media\/3650959"}],"wp:attachment":[{"href":"https:\/\/streetmarkets.fr\/app\/wp-json\/wp\/v2\/media?parent=3650958"}],"wp:term":[{"taxonomy":"product_brand","embeddable":true,"href":"https:\/\/streetmarkets.fr\/app\/wp-json\/wp\/v2\/product_brand?post=3650958"},{"taxonomy":"product_cat","embeddable":true,"href":"https:\/\/streetmarkets.fr\/app\/wp-json\/wp\/v2\/product_cat?post=3650958"},{"taxonomy":"product_tag","embeddable":true,"href":"https:\/\/streetmarkets.fr\/app\/wp-json\/wp\/v2\/product_tag?post=3650958"}],"curies":[{"name":"wp","href":"https:\/\/api.w.org\/{rel}","templated":true}]}}