{"id":3650898,"date":"2026-02-21T01:00:31","date_gmt":"2026-02-21T00:00:31","guid":{"rendered":"https:\/\/streetmarkets.fr\/app\/produit\/chemise-manches-longues-s26-homme-baby-blue\/"},"modified":"2026-05-08T01:57:46","modified_gmt":"2026-05-07T23:57:46","slug":"chemise-manches-longues-s26-homme-baby-blue","status":"publish","type":"product","link":"https:\/\/streetmarkets.fr\/app\/produit\/chemise-manches-longues-s26-homme-baby-blue\/","title":{"rendered":"Chemise Manches Longues (S26\/ HOMME\/ Baby blue)"},"content":{"rendered":"<p>Une pi\u00e8ce essentielle du vestiaire masculin qui allie le raffinement d&#8217;une chemise \u00e0 la douceur incomparable du cachemire. Ce mod\u00e8le \u00e0 manches longues se distingue par son col classique et sa maille d\u00e9licate, offrant une allure \u00e0 la fois d\u00e9contract\u00e9e et sophistiqu\u00e9e, id\u00e9ale pour une \u00e9l\u00e9gance quotidienne.<\/p>\n<p>&#8211; Chemise \u00e0 manches longues<br \/>\n<br \/>&#8211; Col chemise classique<br \/>\n<br \/>&#8211; Fermeture boutonn\u00e9e sur le devant<br \/>\n<br \/>&#8211; Coupe regular<br \/>\n<br \/>&#8211; 100% Cachemire certifi\u00e9 GCS<br \/>\n<br \/>&#8211; Le Good Cashmere Standard\u00ae (GCS) est une norme ind\u00e9pendante pour un cachemire plus durable et plus responsable. Il vise \u00e0 am\u00e9liorer le bien-\u00eatre des ch\u00e8vres cachemire, les conditions de travail des \u00e9leveurs ainsi qu&#8217;\u00e0 prot\u00e9ger l&#8217;environnement.<\/p>\n","protected":false},"excerpt":{"rendered":"<p>Une pi\u00e8ce essentielle du vestiaire masculin qui allie le raffinement d&#8217;une chemise \u00e0 la douceur incomparable du cachemire. Ce mod\u00e8le \u00e0 manches longues se distingue par son col classique et sa maille d\u00e9licate, offrant une allure \u00e0 la fois d\u00e9contract\u00e9e et sophistiqu\u00e9e, id\u00e9ale pour une \u00e9l\u00e9gance quotidienne. &#8211; Chemise \u00e0 manches longues &#8211; Col chemise [&hellip;]<\/p>\n","protected":false},"featured_media":3650899,"comment_status":"open","ping_status":"closed","template":"","meta":[],"product_brand":[6868],"product_cat":[],"product_tag":[],"acf":[],"_links":{"self":[{"href":"https:\/\/streetmarkets.fr\/app\/wp-json\/wp\/v2\/product\/3650898"}],"collection":[{"href":"https:\/\/streetmarkets.fr\/app\/wp-json\/wp\/v2\/product"}],"about":[{"href":"https:\/\/streetmarkets.fr\/app\/wp-json\/wp\/v2\/types\/product"}],"replies":[{"embeddable":true,"href":"https:\/\/streetmarkets.fr\/app\/wp-json\/wp\/v2\/comments?post=3650898"}],"wp:featuredmedia":[{"embeddable":true,"href":"https:\/\/streetmarkets.fr\/app\/wp-json\/wp\/v2\/media\/3650899"}],"wp:attachment":[{"href":"https:\/\/streetmarkets.fr\/app\/wp-json\/wp\/v2\/media?parent=3650898"}],"wp:term":[{"taxonomy":"product_brand","embeddable":true,"href":"https:\/\/streetmarkets.fr\/app\/wp-json\/wp\/v2\/product_brand?post=3650898"},{"taxonomy":"product_cat","embeddable":true,"href":"https:\/\/streetmarkets.fr\/app\/wp-json\/wp\/v2\/product_cat?post=3650898"},{"taxonomy":"product_tag","embeddable":true,"href":"https:\/\/streetmarkets.fr\/app\/wp-json\/wp\/v2\/product_tag?post=3650898"}],"curies":[{"name":"wp","href":"https:\/\/api.w.org\/{rel}","templated":true}]}}