{"id":3650821,"date":"2026-02-21T01:00:19","date_gmt":"2026-02-21T00:00:19","guid":{"rendered":"https:\/\/streetmarkets.fr\/app\/produit\/gramicci-corduroy-trucker-jacket-navy\/"},"modified":"2026-05-10T02:00:14","modified_gmt":"2026-05-10T00:00:14","slug":"gramicci-corduroy-trucker-jacket-navy","status":"publish","type":"product","link":"https:\/\/streetmarkets.fr\/app\/produit\/gramicci-corduroy-trucker-jacket-navy\/","title":{"rendered":"GRAMICCI CORDUROY TRUCKER Jacket Navy"},"content":{"rendered":"<p><strong>Cr\u00e9ateur :<\/strong> Gramicci<\/p>\n<p><strong>R\u00e9alisation : <\/strong>100 % coton, velours c\u00f4tel\u00e9 14w<\/p>\n<p>Teint en pi\u00e8ce<br \/>\nDeux poches poitrine<br \/>\nDeux poches chauffe-mains<\/p>\n<div class=\"page\" title=\"Page 2\">\n<div class=\"section\">\n<div class=\"layoutArea\">\n<div class=\"column\">\n<p><em><strong>Details : <\/strong>100% cotton, 14-weight corduroy<\/em><\/p>\n<p><em>Garment-dyed, t<\/em><em>wo chest pockets<\/em><br \/>\n<em>Two handwarmer pockets<\/em><\/p>\n<p>Code produit : G6SM-P086<\/p>\n<\/div>\n<\/div>\n<\/div>\n<\/div>\n<p>&nbsp;<\/p>\n","protected":false},"excerpt":{"rendered":"<p>Cr\u00e9ateur : Gramicci R\u00e9alisation : 100 % coton, velours c\u00f4tel\u00e9 14w Teint en pi\u00e8ce Deux poches poitrine Deux poches chauffe-mains Details : 100% cotton, 14-weight corduroy Garment-dyed, two chest pockets Two handwarmer pockets Code produit : G6SM-P086 &nbsp;<\/p>\n","protected":false},"featured_media":3650822,"comment_status":"open","ping_status":"closed","template":"","meta":[],"product_brand":[7137],"product_cat":[],"product_tag":[],"acf":[],"_links":{"self":[{"href":"https:\/\/streetmarkets.fr\/app\/wp-json\/wp\/v2\/product\/3650821"}],"collection":[{"href":"https:\/\/streetmarkets.fr\/app\/wp-json\/wp\/v2\/product"}],"about":[{"href":"https:\/\/streetmarkets.fr\/app\/wp-json\/wp\/v2\/types\/product"}],"replies":[{"embeddable":true,"href":"https:\/\/streetmarkets.fr\/app\/wp-json\/wp\/v2\/comments?post=3650821"}],"wp:featuredmedia":[{"embeddable":true,"href":"https:\/\/streetmarkets.fr\/app\/wp-json\/wp\/v2\/media\/3650822"}],"wp:attachment":[{"href":"https:\/\/streetmarkets.fr\/app\/wp-json\/wp\/v2\/media?parent=3650821"}],"wp:term":[{"taxonomy":"product_brand","embeddable":true,"href":"https:\/\/streetmarkets.fr\/app\/wp-json\/wp\/v2\/product_brand?post=3650821"},{"taxonomy":"product_cat","embeddable":true,"href":"https:\/\/streetmarkets.fr\/app\/wp-json\/wp\/v2\/product_cat?post=3650821"},{"taxonomy":"product_tag","embeddable":true,"href":"https:\/\/streetmarkets.fr\/app\/wp-json\/wp\/v2\/product_tag?post=3650821"}],"curies":[{"name":"wp","href":"https:\/\/api.w.org\/{rel}","templated":true}]}}