{"id":3650797,"date":"2026-02-21T01:00:18","date_gmt":"2026-02-21T00:00:18","guid":{"rendered":"https:\/\/streetmarkets.fr\/app\/produit\/pull-col-rond-boutons-coeur-s26-femme-cocktail-mouline\/"},"modified":"2026-05-10T01:56:14","modified_gmt":"2026-05-09T23:56:14","slug":"pull-col-rond-boutons-coeur-s26-femme-cocktail-mouline","status":"publish","type":"product","link":"https:\/\/streetmarkets.fr\/app\/produit\/pull-col-rond-boutons-coeur-s26-femme-cocktail-mouline\/","title":{"rendered":"Pull Col Rond Boutons C\u0153ur (S26\/ FEMME\/ Cocktail Mouline)"},"content":{"rendered":"<p>Une pi\u00e8ce chaleureuse au fini chin\u00e9, id\u00e9ale pour apporter une touche de douceur et de fantaisie \u00e0 votre quotidien. Ce pull se distingue par ses boutons en forme de c\u0153ur sur l&#8217;ouverture \u00e0 l&#8217;\u00e9paule, offrant une silhouette \u00e0 la fois moderne et romantique.<\/p>\n<p>&#8211; Pull col rond en 90% laine et 10% cachemire<br \/>\n<br \/>&#8211; Ouverture boutonn\u00e9e \u00e0 l&#8217;\u00e9paule gauche<br \/>\n<br \/>&#8211; Boutons en forme de c\u0153ur<br \/>\n<br \/>&#8211; Maille moulin\u00e9e<br \/>\n<br \/>&#8211; Coupe regular<br \/>\n<br \/>&#8211; 6 fils<\/p>\n","protected":false},"excerpt":{"rendered":"<p>Une pi\u00e8ce chaleureuse au fini chin\u00e9, id\u00e9ale pour apporter une touche de douceur et de fantaisie \u00e0 votre quotidien. Ce pull se distingue par ses boutons en forme de c\u0153ur sur l&#8217;ouverture \u00e0 l&#8217;\u00e9paule, offrant une silhouette \u00e0 la fois moderne et romantique. &#8211; Pull col rond en 90% laine et 10% cachemire &#8211; Ouverture [&hellip;]<\/p>\n","protected":false},"featured_media":3650798,"comment_status":"open","ping_status":"closed","template":"","meta":[],"product_brand":[6868],"product_cat":[],"product_tag":[],"acf":[],"_links":{"self":[{"href":"https:\/\/streetmarkets.fr\/app\/wp-json\/wp\/v2\/product\/3650797"}],"collection":[{"href":"https:\/\/streetmarkets.fr\/app\/wp-json\/wp\/v2\/product"}],"about":[{"href":"https:\/\/streetmarkets.fr\/app\/wp-json\/wp\/v2\/types\/product"}],"replies":[{"embeddable":true,"href":"https:\/\/streetmarkets.fr\/app\/wp-json\/wp\/v2\/comments?post=3650797"}],"wp:featuredmedia":[{"embeddable":true,"href":"https:\/\/streetmarkets.fr\/app\/wp-json\/wp\/v2\/media\/3650798"}],"wp:attachment":[{"href":"https:\/\/streetmarkets.fr\/app\/wp-json\/wp\/v2\/media?parent=3650797"}],"wp:term":[{"taxonomy":"product_brand","embeddable":true,"href":"https:\/\/streetmarkets.fr\/app\/wp-json\/wp\/v2\/product_brand?post=3650797"},{"taxonomy":"product_cat","embeddable":true,"href":"https:\/\/streetmarkets.fr\/app\/wp-json\/wp\/v2\/product_cat?post=3650797"},{"taxonomy":"product_tag","embeddable":true,"href":"https:\/\/streetmarkets.fr\/app\/wp-json\/wp\/v2\/product_tag?post=3650797"}],"curies":[{"name":"wp","href":"https:\/\/api.w.org\/{rel}","templated":true}]}}