{"id":3650753,"date":"2026-02-21T01:00:11","date_gmt":"2026-02-21T00:00:11","guid":{"rendered":"https:\/\/streetmarkets.fr\/app\/produit\/pull-col-polo-a-bandes-s26-femme-baby-blue\/"},"modified":"2026-05-09T02:19:25","modified_gmt":"2026-05-09T00:19:25","slug":"pull-col-polo-a-bandes-s26-femme-baby-blue","status":"publish","type":"product","link":"https:\/\/streetmarkets.fr\/app\/produit\/pull-col-polo-a-bandes-s26-femme-baby-blue\/","title":{"rendered":"Pull Col Polo \u00e0 Bandes (S26\/ FEMME\/ Baby Blue)"},"content":{"rendered":"<p>Une pi\u00e8ce au style sport-chic et \u00e0 l\u2019allure vintage, id\u00e9ale pour apporter une touche de fra\u00eecheur \u00e0 votre vestiaire. Ce pull en cachemire se distingue par son col polo contrast\u00e9 et ses bandes horizontales sur la poitrine et les manches, sublim\u00e9s par une broderie signature pour une silhouette moderne et soign\u00e9e.<\/p>\n<p>&#8211; Pull col polo en 100% cachemire certifi\u00e9 GCS <br \/>&#8211; Col polo boutonn\u00e9 contrast\u00e9 <br \/>&#8211; Bandes horizontales contrast\u00e9es sur la poitrine et les manches <br \/>&#8211; Broderie &#8220;From Future&#8221; sur la poitrine <br \/>&#8211; Coupe regular <br \/>&#8211; 2 fils <br \/>&#8211; Le Good Cashmere Standard\u00ae (GCS) est une norme ind\u00e9pendante pour un cachemire plus durable et plus responsable. Il vise \u00e0 am\u00e9liorer le bien-\u00eatre des ch\u00e8vres cachemire, les conditions de travail des \u00e9leveurs ainsi qu&#8217;\u00e0 prot\u00e9ger l&#8217;environnement.<\/p>\n","protected":false},"excerpt":{"rendered":"<p>Une pi\u00e8ce au style sport-chic et \u00e0 l\u2019allure vintage, id\u00e9ale pour apporter une touche de fra\u00eecheur \u00e0 votre vestiaire. Ce pull en cachemire se distingue par son col polo contrast\u00e9 et ses bandes horizontales sur la poitrine et les manches, sublim\u00e9s par une broderie signature pour une silhouette moderne et soign\u00e9e. &#8211; Pull col polo [&hellip;]<\/p>\n","protected":false},"featured_media":3650754,"comment_status":"open","ping_status":"closed","template":"","meta":[],"product_brand":[6868],"product_cat":[],"product_tag":[],"acf":[],"_links":{"self":[{"href":"https:\/\/streetmarkets.fr\/app\/wp-json\/wp\/v2\/product\/3650753"}],"collection":[{"href":"https:\/\/streetmarkets.fr\/app\/wp-json\/wp\/v2\/product"}],"about":[{"href":"https:\/\/streetmarkets.fr\/app\/wp-json\/wp\/v2\/types\/product"}],"replies":[{"embeddable":true,"href":"https:\/\/streetmarkets.fr\/app\/wp-json\/wp\/v2\/comments?post=3650753"}],"wp:featuredmedia":[{"embeddable":true,"href":"https:\/\/streetmarkets.fr\/app\/wp-json\/wp\/v2\/media\/3650754"}],"wp:attachment":[{"href":"https:\/\/streetmarkets.fr\/app\/wp-json\/wp\/v2\/media?parent=3650753"}],"wp:term":[{"taxonomy":"product_brand","embeddable":true,"href":"https:\/\/streetmarkets.fr\/app\/wp-json\/wp\/v2\/product_brand?post=3650753"},{"taxonomy":"product_cat","embeddable":true,"href":"https:\/\/streetmarkets.fr\/app\/wp-json\/wp\/v2\/product_cat?post=3650753"},{"taxonomy":"product_tag","embeddable":true,"href":"https:\/\/streetmarkets.fr\/app\/wp-json\/wp\/v2\/product_tag?post=3650753"}],"curies":[{"name":"wp","href":"https:\/\/api.w.org\/{rel}","templated":true}]}}