{"id":3650694,"date":"2026-02-21T00:59:35","date_gmt":"2026-02-20T23:59:35","guid":{"rendered":"https:\/\/streetmarkets.fr\/app\/produit\/pull-col-rond-manches-courtes-s26-homme-star-yellow\/"},"modified":"2026-05-11T01:55:42","modified_gmt":"2026-05-10T23:55:42","slug":"pull-col-rond-manches-courtes-s26-homme-star-yellow","status":"publish","type":"product","link":"https:\/\/streetmarkets.fr\/app\/produit\/pull-col-rond-manches-courtes-s26-homme-star-yellow\/","title":{"rendered":"Pull Col Rond Manches Courtes (S26\/ HOMME\/ Star Yellow \/ RWS)"},"content":{"rendered":"<p>Une pi\u00e8ce minimaliste et \u00e9l\u00e9gante, confectionn\u00e9e en laine m\u00e9rinos pour une l\u00e9g\u00e8ret\u00e9 absolue. Ce pull \u00e0 manches courtes se distingue par ses fins liser\u00e9s contrast\u00e9s qui soulignent d\u00e9licatement la silhouette pour un style moderne et raffin\u00e9.<\/p>\n<p>&#8211; Pull Col rond en 100% laine m\u00e9rinos certifi\u00e9e RWS (Responsible Wool Standard)<br \/>\n<br \/>&#8211; Col rond<br \/>\n<br \/>&#8211; Manches courtes<br \/>\n<br \/>&#8211; Liser\u00e9s contrast\u00e9s<br \/>\n<br \/>&#8211; Coupe regular<br \/>\n<br \/>Laine m\u00e9rinos d&#8217;Australie : respirante et thermor\u00e9gulatrice, elle peut \u00eatre port\u00e9e \u00e9t\u00e9 comme hiver.<\/p>\n","protected":false},"excerpt":{"rendered":"<p>Une pi\u00e8ce minimaliste et \u00e9l\u00e9gante, confectionn\u00e9e en laine m\u00e9rinos pour une l\u00e9g\u00e8ret\u00e9 absolue. Ce pull \u00e0 manches courtes se distingue par ses fins liser\u00e9s contrast\u00e9s qui soulignent d\u00e9licatement la silhouette pour un style moderne et raffin\u00e9. &#8211; Pull Col rond en 100% laine m\u00e9rinos certifi\u00e9e RWS (Responsible Wool Standard) &#8211; Col rond &#8211; Manches courtes [&hellip;]<\/p>\n","protected":false},"featured_media":3650695,"comment_status":"open","ping_status":"closed","template":"","meta":[],"product_brand":[6868],"product_cat":[],"product_tag":[],"acf":[],"_links":{"self":[{"href":"https:\/\/streetmarkets.fr\/app\/wp-json\/wp\/v2\/product\/3650694"}],"collection":[{"href":"https:\/\/streetmarkets.fr\/app\/wp-json\/wp\/v2\/product"}],"about":[{"href":"https:\/\/streetmarkets.fr\/app\/wp-json\/wp\/v2\/types\/product"}],"replies":[{"embeddable":true,"href":"https:\/\/streetmarkets.fr\/app\/wp-json\/wp\/v2\/comments?post=3650694"}],"wp:featuredmedia":[{"embeddable":true,"href":"https:\/\/streetmarkets.fr\/app\/wp-json\/wp\/v2\/media\/3650695"}],"wp:attachment":[{"href":"https:\/\/streetmarkets.fr\/app\/wp-json\/wp\/v2\/media?parent=3650694"}],"wp:term":[{"taxonomy":"product_brand","embeddable":true,"href":"https:\/\/streetmarkets.fr\/app\/wp-json\/wp\/v2\/product_brand?post=3650694"},{"taxonomy":"product_cat","embeddable":true,"href":"https:\/\/streetmarkets.fr\/app\/wp-json\/wp\/v2\/product_cat?post=3650694"},{"taxonomy":"product_tag","embeddable":true,"href":"https:\/\/streetmarkets.fr\/app\/wp-json\/wp\/v2\/product_tag?post=3650694"}],"curies":[{"name":"wp","href":"https:\/\/api.w.org\/{rel}","templated":true}]}}