{"id":3650662,"date":"2026-02-21T00:59:31","date_gmt":"2026-02-20T23:59:31","guid":{"rendered":"https:\/\/streetmarkets.fr\/app\/produit\/pull-col-rond-coeur-s26-homme-navy\/"},"modified":"2026-05-11T01:55:42","modified_gmt":"2026-05-10T23:55:42","slug":"pull-col-rond-coeur-s26-homme-navy","status":"publish","type":"product","link":"https:\/\/streetmarkets.fr\/app\/produit\/pull-col-rond-coeur-s26-homme-navy\/","title":{"rendered":"Pull Col Rond Coeur (S26\/ HOMME\/ Navy \/ RWS)"},"content":{"rendered":"<p>Une pi\u00e8ce embl\u00e9matique qui conjugue confort et signature graphique. Ce pull en laine m\u00e9rinos se distingue par son motif c\u0153ur en jacquard sur la poitrine, soulign\u00e9 par une broderie &#8220;Future&#8221; d\u00e9licate, offrant une allure \u00e0 la fois moderne et audacieuse.<\/p>\n<p>&#8211; Pull \u00e0 manches longues<br \/>\n<br \/>&#8211; Col rond<br \/>\n<br \/>&#8211; Motif c\u0153ur en jacquard avec broderie &#8220;Future&#8221; sur la poitrine<br \/>\n<br \/>&#8211; Finitions bords-c\u00f4tes au col, aux poignets et au bas du corps<br \/>\n<br \/>&#8211; Coupe regular<br \/>\n<br \/>&#8211; 100% Laine m\u00e9rinos d&#8217;Australie certifi\u00e9e RWS (Responsible Wool Standard)<br \/>\n<br \/>&#8211; La laine m\u00e9rinos est respirante et thermor\u00e9gulatrice, elle peut \u00eatre port\u00e9e \u00e9t\u00e9 comme hiver.<\/p>\n","protected":false},"excerpt":{"rendered":"<p>Une pi\u00e8ce embl\u00e9matique qui conjugue confort et signature graphique. Ce pull en laine m\u00e9rinos se distingue par son motif c\u0153ur en jacquard sur la poitrine, soulign\u00e9 par une broderie &#8220;Future&#8221; d\u00e9licate, offrant une allure \u00e0 la fois moderne et audacieuse. &#8211; Pull \u00e0 manches longues &#8211; Col rond &#8211; Motif c\u0153ur en jacquard avec broderie [&hellip;]<\/p>\n","protected":false},"featured_media":3650663,"comment_status":"open","ping_status":"closed","template":"","meta":[],"product_brand":[6868],"product_cat":[],"product_tag":[],"acf":[],"_links":{"self":[{"href":"https:\/\/streetmarkets.fr\/app\/wp-json\/wp\/v2\/product\/3650662"}],"collection":[{"href":"https:\/\/streetmarkets.fr\/app\/wp-json\/wp\/v2\/product"}],"about":[{"href":"https:\/\/streetmarkets.fr\/app\/wp-json\/wp\/v2\/types\/product"}],"replies":[{"embeddable":true,"href":"https:\/\/streetmarkets.fr\/app\/wp-json\/wp\/v2\/comments?post=3650662"}],"wp:featuredmedia":[{"embeddable":true,"href":"https:\/\/streetmarkets.fr\/app\/wp-json\/wp\/v2\/media\/3650663"}],"wp:attachment":[{"href":"https:\/\/streetmarkets.fr\/app\/wp-json\/wp\/v2\/media?parent=3650662"}],"wp:term":[{"taxonomy":"product_brand","embeddable":true,"href":"https:\/\/streetmarkets.fr\/app\/wp-json\/wp\/v2\/product_brand?post=3650662"},{"taxonomy":"product_cat","embeddable":true,"href":"https:\/\/streetmarkets.fr\/app\/wp-json\/wp\/v2\/product_cat?post=3650662"},{"taxonomy":"product_tag","embeddable":true,"href":"https:\/\/streetmarkets.fr\/app\/wp-json\/wp\/v2\/product_tag?post=3650662"}],"curies":[{"name":"wp","href":"https:\/\/api.w.org\/{rel}","templated":true}]}}