{"id":3650498,"date":"2026-02-21T00:58:44","date_gmt":"2026-02-20T23:58:44","guid":{"rendered":"https:\/\/streetmarkets.fr\/app\/produit\/pull-col-rond-a-bandes-s26-homme-gris-chine-clair\/"},"modified":"2026-05-11T01:55:19","modified_gmt":"2026-05-10T23:55:19","slug":"pull-col-rond-a-bandes-s26-homme-gris-chine-clair","status":"publish","type":"product","link":"https:\/\/streetmarkets.fr\/app\/produit\/pull-col-rond-a-bandes-s26-homme-gris-chine-clair\/","title":{"rendered":"Pull Col Rond \u00e0 Bandes (S26\/ HOMME\/ Gris chin\u00e9 clair)"},"content":{"rendered":"<p>Une pi\u00e8ce essentielle du vestiaire masculin rehauss\u00e9e par des d\u00e9tails dynamiques. Ce pull en cachemire se pare de bandes color\u00e9es le long des manches pour une allure sport-chic r\u00e9solument moderne.<\/p>\n<p>&#8211; Pull col rond en cachemire 2 fils l\u00e9ger certifi\u00e9 GCS <br \/>&#8211; Col rond <br \/>&#8211; Bandes color\u00e9es sur les manches <br \/>&#8211; Bords c\u00f4tel\u00e9s <br \/>&#8211; Coupe regular <br \/>&#8211; 2 fils <br \/>&#8211; Le Good Cashmere Standard\u00ae (GCS) est une norme ind\u00e9pendante pour un cachemire plus durable et plus responsable. Il vise \u00e0 am\u00e9liorer le bien-\u00eatre des ch\u00e8vres cachemire, les conditions de travail des \u00e9leveurs ainsi qu&#8217;\u00e0 prot\u00e9ger l&#8217;environnement.<\/p>\n","protected":false},"excerpt":{"rendered":"<p>Une pi\u00e8ce essentielle du vestiaire masculin rehauss\u00e9e par des d\u00e9tails dynamiques. Ce pull en cachemire se pare de bandes color\u00e9es le long des manches pour une allure sport-chic r\u00e9solument moderne. &#8211; Pull col rond en cachemire 2 fils l\u00e9ger certifi\u00e9 GCS &#8211; Col rond &#8211; Bandes color\u00e9es sur les manches &#8211; Bords c\u00f4tel\u00e9s &#8211; Coupe [&hellip;]<\/p>\n","protected":false},"featured_media":3650499,"comment_status":"open","ping_status":"closed","template":"","meta":[],"product_brand":[6868],"product_cat":[],"product_tag":[],"acf":[],"_links":{"self":[{"href":"https:\/\/streetmarkets.fr\/app\/wp-json\/wp\/v2\/product\/3650498"}],"collection":[{"href":"https:\/\/streetmarkets.fr\/app\/wp-json\/wp\/v2\/product"}],"about":[{"href":"https:\/\/streetmarkets.fr\/app\/wp-json\/wp\/v2\/types\/product"}],"replies":[{"embeddable":true,"href":"https:\/\/streetmarkets.fr\/app\/wp-json\/wp\/v2\/comments?post=3650498"}],"wp:featuredmedia":[{"embeddable":true,"href":"https:\/\/streetmarkets.fr\/app\/wp-json\/wp\/v2\/media\/3650499"}],"wp:attachment":[{"href":"https:\/\/streetmarkets.fr\/app\/wp-json\/wp\/v2\/media?parent=3650498"}],"wp:term":[{"taxonomy":"product_brand","embeddable":true,"href":"https:\/\/streetmarkets.fr\/app\/wp-json\/wp\/v2\/product_brand?post=3650498"},{"taxonomy":"product_cat","embeddable":true,"href":"https:\/\/streetmarkets.fr\/app\/wp-json\/wp\/v2\/product_cat?post=3650498"},{"taxonomy":"product_tag","embeddable":true,"href":"https:\/\/streetmarkets.fr\/app\/wp-json\/wp\/v2\/product_tag?post=3650498"}],"curies":[{"name":"wp","href":"https:\/\/api.w.org\/{rel}","templated":true}]}}