{"id":3650480,"date":"2026-02-21T00:58:34","date_gmt":"2026-02-20T23:58:34","guid":{"rendered":"https:\/\/streetmarkets.fr\/app\/produit\/casquette-a-broderie-en-relief-s26-accessoires-washed-black\/"},"modified":"2026-05-10T01:55:44","modified_gmt":"2026-05-09T23:55:44","slug":"casquette-a-broderie-en-relief-s26-accessoires-washed-black","status":"publish","type":"product","link":"https:\/\/streetmarkets.fr\/app\/produit\/casquette-a-broderie-en-relief-s26-accessoires-washed-black\/","title":{"rendered":"Casquette \u00e0 Broderie en Relief (S26 \/ ACCESSOIRES\/ Washed Black)"},"content":{"rendered":"<p>L\u2019accessoire indispensable pour parfaire votre vestiaire de saison. Confectionn\u00e9e en 100% Coton, cette casquette se distingue par sa visi\u00e8re courb\u00e9e classique et une broderie en relief affichant le texte signature &#8220;Future&#8221; au centre d&#8217;un ovale sur le devant.<\/p>\n<p>&#8211; Casquette \u00e0 visi\u00e8re courb\u00e9e<br \/>\n<br \/>&#8211; Broderie en relief &#8220;Future&#8221;<br \/>\n<br \/>&#8211; Composition : 100% Coton<\/p>\n","protected":false},"excerpt":{"rendered":"<p>L\u2019accessoire indispensable pour parfaire votre vestiaire de saison. Confectionn\u00e9e en 100% Coton, cette casquette se distingue par sa visi\u00e8re courb\u00e9e classique et une broderie en relief affichant le texte signature &#8220;Future&#8221; au centre d&#8217;un ovale sur le devant. &#8211; Casquette \u00e0 visi\u00e8re courb\u00e9e &#8211; Broderie en relief &#8220;Future&#8221; &#8211; Composition : 100% Coton<\/p>\n","protected":false},"featured_media":3650481,"comment_status":"open","ping_status":"closed","template":"","meta":[],"product_brand":[6868],"product_cat":[],"product_tag":[],"acf":[],"_links":{"self":[{"href":"https:\/\/streetmarkets.fr\/app\/wp-json\/wp\/v2\/product\/3650480"}],"collection":[{"href":"https:\/\/streetmarkets.fr\/app\/wp-json\/wp\/v2\/product"}],"about":[{"href":"https:\/\/streetmarkets.fr\/app\/wp-json\/wp\/v2\/types\/product"}],"replies":[{"embeddable":true,"href":"https:\/\/streetmarkets.fr\/app\/wp-json\/wp\/v2\/comments?post=3650480"}],"wp:featuredmedia":[{"embeddable":true,"href":"https:\/\/streetmarkets.fr\/app\/wp-json\/wp\/v2\/media\/3650481"}],"wp:attachment":[{"href":"https:\/\/streetmarkets.fr\/app\/wp-json\/wp\/v2\/media?parent=3650480"}],"wp:term":[{"taxonomy":"product_brand","embeddable":true,"href":"https:\/\/streetmarkets.fr\/app\/wp-json\/wp\/v2\/product_brand?post=3650480"},{"taxonomy":"product_cat","embeddable":true,"href":"https:\/\/streetmarkets.fr\/app\/wp-json\/wp\/v2\/product_cat?post=3650480"},{"taxonomy":"product_tag","embeddable":true,"href":"https:\/\/streetmarkets.fr\/app\/wp-json\/wp\/v2\/product_tag?post=3650480"}],"curies":[{"name":"wp","href":"https:\/\/api.w.org\/{rel}","templated":true}]}}