{"id":3650458,"date":"2026-02-21T00:58:17","date_gmt":"2026-02-20T23:58:17","guid":{"rendered":"https:\/\/streetmarkets.fr\/app\/produit\/casquette-a-broderie-point-de-bourdon-s26-accessoires-star-yellow\/"},"modified":"2026-05-15T01:55:14","modified_gmt":"2026-05-14T23:55:14","slug":"casquette-a-broderie-point-de-bourdon-s26-accessoires-star-yellow","status":"publish","type":"product","link":"https:\/\/streetmarkets.fr\/app\/produit\/casquette-a-broderie-point-de-bourdon-s26-accessoires-star-yellow\/","title":{"rendered":"Casquette \u00e0 Broderie Point de Bourdon (S26 \/ ACCESSOIRES\/ Star Yellow)"},"content":{"rendered":"<p>L\u2019accessoire indispensable pour parfaire votre vestiaire de saison. Confectionn\u00e9e en 100% Coton, cette casquette se distingue par sa visi\u00e8re courb\u00e9e classique et une broderie au point de bourdon soign\u00e9e affichant le texte signature &#8220;From Future Certified\u2122&#8221; sur le devant.<\/p>\n<p>&#8211; Casquette \u00e0 visi\u00e8re courb\u00e9e <br \/>&#8211; Broderie &#8220;From Future Certified\u2122&#8221; au point de bourdon <br \/>&#8211; Composition : 100% Coton<\/p>\n","protected":false},"excerpt":{"rendered":"<p>L\u2019accessoire indispensable pour parfaire votre vestiaire de saison. Confectionn\u00e9e en 100% Coton, cette casquette se distingue par sa visi\u00e8re courb\u00e9e classique et une broderie au point de bourdon soign\u00e9e affichant le texte signature &#8220;From Future Certified\u2122&#8221; sur le devant. &#8211; Casquette \u00e0 visi\u00e8re courb\u00e9e &#8211; Broderie &#8220;From Future Certified\u2122&#8221; au point de bourdon &#8211; Composition [&hellip;]<\/p>\n","protected":false},"featured_media":3650459,"comment_status":"open","ping_status":"closed","template":"","meta":[],"product_brand":[6868],"product_cat":[],"product_tag":[],"acf":[],"_links":{"self":[{"href":"https:\/\/streetmarkets.fr\/app\/wp-json\/wp\/v2\/product\/3650458"}],"collection":[{"href":"https:\/\/streetmarkets.fr\/app\/wp-json\/wp\/v2\/product"}],"about":[{"href":"https:\/\/streetmarkets.fr\/app\/wp-json\/wp\/v2\/types\/product"}],"replies":[{"embeddable":true,"href":"https:\/\/streetmarkets.fr\/app\/wp-json\/wp\/v2\/comments?post=3650458"}],"wp:featuredmedia":[{"embeddable":true,"href":"https:\/\/streetmarkets.fr\/app\/wp-json\/wp\/v2\/media\/3650459"}],"wp:attachment":[{"href":"https:\/\/streetmarkets.fr\/app\/wp-json\/wp\/v2\/media?parent=3650458"}],"wp:term":[{"taxonomy":"product_brand","embeddable":true,"href":"https:\/\/streetmarkets.fr\/app\/wp-json\/wp\/v2\/product_brand?post=3650458"},{"taxonomy":"product_cat","embeddable":true,"href":"https:\/\/streetmarkets.fr\/app\/wp-json\/wp\/v2\/product_cat?post=3650458"},{"taxonomy":"product_tag","embeddable":true,"href":"https:\/\/streetmarkets.fr\/app\/wp-json\/wp\/v2\/product_tag?post=3650458"}],"curies":[{"name":"wp","href":"https:\/\/api.w.org\/{rel}","templated":true}]}}