{"id":3650305,"date":"2026-02-21T00:49:37","date_gmt":"2026-02-20T23:49:37","guid":{"rendered":"https:\/\/streetmarkets.fr\/app\/produit\/grande-boite-a-bijoux-rouge-griotte\/"},"modified":"2026-05-11T01:49:44","modified_gmt":"2026-05-10T23:49:44","slug":"grande-boite-a-bijoux-rouge-griotte","status":"publish","type":"product","link":"https:\/\/streetmarkets.fr\/app\/produit\/grande-boite-a-bijoux-rouge-griotte\/","title":{"rendered":"Grande bo\u00eete \u00e0 bijoux &#8211; Rouge Griotte"},"content":{"rendered":"<div class=\"prdescription\" style=\"text-align: left\">\n<div class=\"prdescription\" style=\"text-align: left\">\n<p>D\u00e9couvrez la grande bo\u00eete \u00e0 bijoux en velours de la marque Waekura, parfaite pour ranger et prot\u00e9ger vos bijoux sans vous encombrer.<\/p>\n<p>Elle <span data-mce-fragment=\"1\">dispose\u00a0<\/span><span data-mce-fragment=\"1\">d&#8217;un espace d\u00e9di\u00e9 \u00e0 vos colliers, afin qu&#8217;ils ne s&#8217;emm\u00ealent pas. <\/span><\/p>\n<p><span data-mce-fragment=\"1\">\u00c0 droite, vous y trouverez un compartiment pour vos bagues, earcuffs et mini boucles d&#8217;oreilles. \u00c0 gauche, vous pourrez y glisser vos bracelets et boucles d&#8217;oreilles !<\/span><\/p>\n<\/div>\n<\/div>\n","protected":false},"excerpt":{"rendered":"<p>D\u00e9couvrez la grande bo\u00eete \u00e0 bijoux en velours de la marque Waekura, parfaite pour ranger et prot\u00e9ger vos bijoux sans vous encombrer. Elle dispose\u00a0d&#8217;un espace d\u00e9di\u00e9 \u00e0 vos colliers, afin qu&#8217;ils ne s&#8217;emm\u00ealent pas. \u00c0 droite, vous y trouverez un compartiment pour vos bagues, earcuffs et mini boucles d&#8217;oreilles. \u00c0 gauche, vous pourrez y glisser [&hellip;]<\/p>\n","protected":false},"featured_media":3650306,"comment_status":"open","ping_status":"closed","template":"","meta":[],"product_brand":[],"product_cat":[],"product_tag":[],"acf":[],"_links":{"self":[{"href":"https:\/\/streetmarkets.fr\/app\/wp-json\/wp\/v2\/product\/3650305"}],"collection":[{"href":"https:\/\/streetmarkets.fr\/app\/wp-json\/wp\/v2\/product"}],"about":[{"href":"https:\/\/streetmarkets.fr\/app\/wp-json\/wp\/v2\/types\/product"}],"replies":[{"embeddable":true,"href":"https:\/\/streetmarkets.fr\/app\/wp-json\/wp\/v2\/comments?post=3650305"}],"wp:featuredmedia":[{"embeddable":true,"href":"https:\/\/streetmarkets.fr\/app\/wp-json\/wp\/v2\/media\/3650306"}],"wp:attachment":[{"href":"https:\/\/streetmarkets.fr\/app\/wp-json\/wp\/v2\/media?parent=3650305"}],"wp:term":[{"taxonomy":"product_brand","embeddable":true,"href":"https:\/\/streetmarkets.fr\/app\/wp-json\/wp\/v2\/product_brand?post=3650305"},{"taxonomy":"product_cat","embeddable":true,"href":"https:\/\/streetmarkets.fr\/app\/wp-json\/wp\/v2\/product_cat?post=3650305"},{"taxonomy":"product_tag","embeddable":true,"href":"https:\/\/streetmarkets.fr\/app\/wp-json\/wp\/v2\/product_tag?post=3650305"}],"curies":[{"name":"wp","href":"https:\/\/api.w.org\/{rel}","templated":true}]}}