{"id":3650301,"date":"2026-02-21T00:45:38","date_gmt":"2026-02-20T23:45:38","guid":{"rendered":"https:\/\/streetmarkets.fr\/app\/produit\/socquettes-rose-bonbon-en-coton-bio\/"},"modified":"2026-05-06T01:45:03","modified_gmt":"2026-05-05T23:45:03","slug":"socquettes-rose-bonbon-en-coton-bio","status":"publish","type":"product","link":"https:\/\/streetmarkets.fr\/app\/produit\/socquettes-rose-bonbon-en-coton-bio\/","title":{"rendered":"Socquettes rose bonbon en coton bio"},"content":{"rendered":"<ul data-mce-fragment=\"1\">\n<li data-mce-fragment=\"1\">socquettes femmes<\/li>\n<li data-mce-fragment=\"1\">unies roses<\/li>\n<li data-mce-fragment=\"1\">\n<span data-mce-fragment=\"1\">85%\u00a0<\/span><strong data-mce-fragment=\"1\">coton bio certifi\u00e9 Gots<\/strong><span data-mce-fragment=\"1\"> 13% polyamide 2% \u00e9lasthanne<\/span>\n<\/li>\n<li data-mce-fragment=\"1\">tr\u00e8s confortables\u00a0<\/li>\n<li data-mce-fragment=\"1\">2 tailles<\/li>\n<li data-mce-fragment=\"1\">marque<span data-mce-fragment=\"1\">\u00a0<b>\u00e9thique <\/b>allemande<b> Tranquillo<\/b><\/span>\n<\/li>\n<li data-mce-fragment=\"1\"><b data-mce-fragment=\"1\">id\u00e9e cadeau<\/b><\/li>\n<\/ul>\n","protected":false},"excerpt":{"rendered":"<p>socquettes femmes unies roses 85%\u00a0coton bio certifi\u00e9 Gots 13% polyamide 2% \u00e9lasthanne tr\u00e8s confortables\u00a0 2 tailles marque\u00a0\u00e9thique allemande Tranquillo id\u00e9e cadeau<\/p>\n","protected":false},"featured_media":3650302,"comment_status":"open","ping_status":"closed","template":"","meta":[],"product_brand":[],"product_cat":[],"product_tag":[],"acf":[],"_links":{"self":[{"href":"https:\/\/streetmarkets.fr\/app\/wp-json\/wp\/v2\/product\/3650301"}],"collection":[{"href":"https:\/\/streetmarkets.fr\/app\/wp-json\/wp\/v2\/product"}],"about":[{"href":"https:\/\/streetmarkets.fr\/app\/wp-json\/wp\/v2\/types\/product"}],"replies":[{"embeddable":true,"href":"https:\/\/streetmarkets.fr\/app\/wp-json\/wp\/v2\/comments?post=3650301"}],"wp:featuredmedia":[{"embeddable":true,"href":"https:\/\/streetmarkets.fr\/app\/wp-json\/wp\/v2\/media\/3650302"}],"wp:attachment":[{"href":"https:\/\/streetmarkets.fr\/app\/wp-json\/wp\/v2\/media?parent=3650301"}],"wp:term":[{"taxonomy":"product_brand","embeddable":true,"href":"https:\/\/streetmarkets.fr\/app\/wp-json\/wp\/v2\/product_brand?post=3650301"},{"taxonomy":"product_cat","embeddable":true,"href":"https:\/\/streetmarkets.fr\/app\/wp-json\/wp\/v2\/product_cat?post=3650301"},{"taxonomy":"product_tag","embeddable":true,"href":"https:\/\/streetmarkets.fr\/app\/wp-json\/wp\/v2\/product_tag?post=3650301"}],"curies":[{"name":"wp","href":"https:\/\/api.w.org\/{rel}","templated":true}]}}