{"id":3650239,"date":"2026-02-21T00:45:23","date_gmt":"2026-02-20T23:45:23","guid":{"rendered":"https:\/\/streetmarkets.fr\/app\/produit\/pull-emmaa-ecru-ajoure-en-coton-bio\/"},"modified":"2026-05-13T01:44:47","modified_gmt":"2026-05-12T23:44:47","slug":"pull-emmaa-ecru-ajoure-en-coton-bio","status":"publish","type":"product","link":"https:\/\/streetmarkets.fr\/app\/produit\/pull-emmaa-ecru-ajoure-en-coton-bio\/","title":{"rendered":"Pull Emmaa \u00e9cru ajour\u00e9 en coton bio"},"content":{"rendered":"<ul>\n<li>pull \u00e9cru\u00a0en maille de coton<\/li>\n<li>motifs <strong>g\u00e9om\u00e9triques,<\/strong> effet <strong>ajour\u00e9<\/strong>\n<\/li>\n<li>100% <strong>coton biologique<\/strong> certifi\u00e9 <strong>GOTS <\/strong>(licence n\u00b0 CU844876)<\/li>\n<li>l\u00e9ger et agr\u00e9able\u00a0<\/li>\n<li>\n<strong>vegan<\/strong> friendly\u00a0<\/li>\n<li>marque <strong>\u00e9thique<\/strong> allemande &#8220;<b>Tranquillo&#8221;<\/b>\n<\/li>\n<\/ul>\n","protected":false},"excerpt":{"rendered":"<p>pull \u00e9cru\u00a0en maille de coton motifs g\u00e9om\u00e9triques, effet ajour\u00e9 100% coton biologique certifi\u00e9 GOTS (licence n\u00b0 CU844876) l\u00e9ger et agr\u00e9able\u00a0 vegan friendly\u00a0 marque \u00e9thique allemande &#8220;Tranquillo&#8221;<\/p>\n","protected":false},"featured_media":3650240,"comment_status":"open","ping_status":"closed","template":"","meta":[],"product_brand":[],"product_cat":[],"product_tag":[],"acf":[],"_links":{"self":[{"href":"https:\/\/streetmarkets.fr\/app\/wp-json\/wp\/v2\/product\/3650239"}],"collection":[{"href":"https:\/\/streetmarkets.fr\/app\/wp-json\/wp\/v2\/product"}],"about":[{"href":"https:\/\/streetmarkets.fr\/app\/wp-json\/wp\/v2\/types\/product"}],"replies":[{"embeddable":true,"href":"https:\/\/streetmarkets.fr\/app\/wp-json\/wp\/v2\/comments?post=3650239"}],"wp:featuredmedia":[{"embeddable":true,"href":"https:\/\/streetmarkets.fr\/app\/wp-json\/wp\/v2\/media\/3650240"}],"wp:attachment":[{"href":"https:\/\/streetmarkets.fr\/app\/wp-json\/wp\/v2\/media?parent=3650239"}],"wp:term":[{"taxonomy":"product_brand","embeddable":true,"href":"https:\/\/streetmarkets.fr\/app\/wp-json\/wp\/v2\/product_brand?post=3650239"},{"taxonomy":"product_cat","embeddable":true,"href":"https:\/\/streetmarkets.fr\/app\/wp-json\/wp\/v2\/product_cat?post=3650239"},{"taxonomy":"product_tag","embeddable":true,"href":"https:\/\/streetmarkets.fr\/app\/wp-json\/wp\/v2\/product_tag?post=3650239"}],"curies":[{"name":"wp","href":"https:\/\/api.w.org\/{rel}","templated":true}]}}